{"id":1570,"date":"2025-04-06T09:58:01","date_gmt":"2025-04-06T09:58:01","guid":{"rendered":"https:\/\/ammacars.pl\/datenschutzbestimmungen\/"},"modified":"2025-05-21T13:56:54","modified_gmt":"2025-05-21T13:56:54","slug":"datenschutzbestimmungen","status":"publish","type":"page","link":"https:\/\/ammacars.pl\/de\/datenschutzbestimmungen\/","title":{"rendered":"Datenschutzbestimmungen"},"content":{"rendered":"\n<p><strong>Datenschutzerkl\u00e4rung f\u00fcr die Website <\/strong><a href=\"http:\/\/www.ammacars.pl\"><strong>www.ammacars.pl<\/strong><\/a><\/p>\n\n<p><strong>G\u00fcltig ab: 14.05.2025r.<\/strong><\/p>\n\n<hr class=\"wp-block-separator has-alpha-channel-opacity\"\/>\n\n<p><strong>\u00a71 Allgemeine Informationen <\/strong><\/p>\n\n<ol start=\"1\" class=\"wp-block-list\">\n<li>In diesem Dokument werden die Regeln f\u00fcr die Verarbeitung personenbezogener Daten von <a href=\"http:\/\/www.ammacars.pl\">www.ammacars.pl<\/a> Nutzern gem\u00e4\u00df der Verordnung (EU) 2016\/679 des Europ\u00e4ischen Parlaments und des Rates (RODO) dargelegt.<\/li>\n\n\n\n<li>Der f\u00fcr die Verarbeitung der personenbezogenen Daten Verantwortliche ist:<br\/><strong>AMMA II Micha\u0142 Wojdyna<\/strong><br\/>ul. Guzowatka 54c, 05-252 D\u0105br\u00f3wka<br\/>NIP: 1251314742<br\/>E-Mail: biuro.ammacars@wp.pl<br\/>Tel: +48 789 234 410 <\/li>\n<\/ol>\n\n<hr class=\"wp-block-separator has-alpha-channel-opacity\"\/>\n\n<p><strong>\u00a72 Umfang der Datenverarbeitung <\/strong><\/p>\n\n<p>Der Controller kann die folgenden Benutzerdaten verarbeiten:<\/p>\n\n<ul class=\"wp-block-list\">\n<li>Name (falls freiwillig angegeben),<\/li>\n\n\n\n<li>E-Mail Adresse,<\/li>\n\n\n\n<li>Telefonnummer,<\/li>\n\n\n\n<li>den Inhalt von Nachrichten, die \u00fcber das Kontaktformular gesendet werden,<\/li>\n\n\n\n<li>technische Daten (IP-Adresse, Browsertyp, Ger\u00e4tedaten).<\/li>\n<\/ul>\n\n<hr class=\"wp-block-separator has-alpha-channel-opacity\"\/>\n\n<p><strong>\u00a73 Zwecke der Datenverarbeitung <\/strong><\/p>\n\n<p>Personenbezogene Daten werden f\u00fcr die folgenden Zwecke verarbeitet:<\/p>\n\n<ol start=\"1\" class=\"wp-block-list\">\n<li>Beantworten Sie Anfragen, die \u00fcber das Kontaktformular gesendet werden.<\/li>\n\n\n\n<li>Zur Erf\u00fcllung gesetzlicher Verpflichtungen (z.B. Archivierung von Korrespondenz).<\/li>\n\n\n\n<li>Zur Verfolgung der berechtigten Interessen des f\u00fcr die Verarbeitung Verantwortlichen (z. B. Analyse von Website-Statistiken).<\/li>\n<\/ol>\n\n<hr class=\"wp-block-separator has-alpha-channel-opacity\"\/>\n\n<p><strong>\u00a74 Rechtsgrundlage f\u00fcr die Verarbeitung <\/strong><\/p>\n\n<p>Die Verarbeitung personenbezogener Daten erfolgt gem\u00e4\u00df Artikel 6(1) der RODO:  <\/p>\n\n<ul class=\"wp-block-list\">\n<li>(a) Zustimmung der betroffenen Person,<\/li>\n\n\n\n<li>Buchstabe b &#8211; f\u00fcr die Erf\u00fcllung eines Vertrags oder einer vorvertraglichen Handlung erforderlich,<\/li>\n\n\n\n<li>Punkt f &#8211; berechtigtes Interesse des f\u00fcr die Verarbeitung Verantwortlichen.<\/li>\n<\/ul>\n\n<hr class=\"wp-block-separator has-alpha-channel-opacity\"\/>\n\n<p><strong>\u00a75 Empf\u00e4nger der Daten <\/strong><\/p>\n\n<ol start=\"1\" class=\"wp-block-list\">\n<li>Daten k\u00f6nnen an IT-, Hosting- und Service-Provider weitergegeben werden &#8211; nur auf der Grundlage von Vertr\u00e4gen zur Datenverarbeitung.<\/li>\n\n\n\n<li>Die Daten werden nicht au\u00dferhalb des Europ\u00e4ischen Wirtschaftsraums \u00fcbertragen.<\/li>\n<\/ol>\n\n<hr class=\"wp-block-separator has-alpha-channel-opacity\"\/>\n\n<p><strong>\u00a76 Benutzerrechte <\/strong><\/p>\n\n<p>Jeder Benutzer hat die folgenden Rechte:<\/p>\n\n<ul class=\"wp-block-list\">\n<li>Zugang zu ihren Daten,<\/li>\n\n\n\n<li>Berichtigung von Daten,<\/li>\n\n\n\n<li>L\u00f6schung von Daten (\u201eRecht auf Vergessenwerden\u201c),<\/li>\n\n\n\n<li>Einschr\u00e4nkung der Verarbeitung,<\/li>\n\n\n\n<li>Daten\u00fcbertragbarkeit,<\/li>\n\n\n\n<li>der Verarbeitung zu widersprechen,<\/li>\n\n\n\n<li>eine Beschwerde beim Pr\u00e4sidenten von UODO einreichen.<\/li>\n<\/ul>\n\n<hr class=\"wp-block-separator has-alpha-channel-opacity\"\/>\n\n<p><strong>\u00a77 Dauer der Datenspeicherung <\/strong><\/p>\n\n<p>Die Daten werden verarbeitet:<\/p>\n\n<ul class=\"wp-block-list\">\n<li>bis Sie Ihre Einwilligung widerrufen (wenn die Daten auf der Grundlage Ihrer Einwilligung verarbeitet werden),<\/li>\n\n\n\n<li>f\u00fcr den Zeitraum, der erforderlich ist, um den Zweck der Verarbeitung zu erf\u00fcllen, jedoch nicht l\u00e4nger als 5 Jahre ab dem letzten Kontakt.<\/li>\n<\/ul>\n\n<hr class=\"wp-block-separator has-alpha-channel-opacity\"\/>\n\n<p><strong>\u00a78 Freiwilligkeit der Datenbereitstellung <\/strong><\/p>\n\n<p>Die Angabe pers\u00f6nlicher Daten durch den Benutzer ist freiwillig, aber notwendig, um das Kontaktformular zu nutzen.<\/p>\n\n<hr class=\"wp-block-separator has-alpha-channel-opacity\"\/>\n\n<p><strong>\u00a79 Sicherheitsvorkehrungen <\/strong><\/p>\n\n<p>Der f\u00fcr die Verarbeitung Verantwortliche wendet technische und organisatorische Ma\u00dfnahmen an, um den Schutz personenbezogener Daten in \u00dcbereinstimmung mit den Anforderungen der RODO zu gew\u00e4hrleisten.<\/p>\n\n<hr class=\"wp-block-separator has-alpha-channel-opacity\"\/>\n\n<p><strong>\u00a710 Kontakt <\/strong><\/p>\n\n<p>Bei Fragen bez\u00fcglich der Verarbeitung personenbezogener Daten k\u00f6nnen Sie sich direkt an den f\u00fcr die Verarbeitung Verantwortlichen wenden:<br\/>\ud83d\udce9 biuro.ammacars@wp.pl<\/p>\n\n<p class=\"has-ast-global-color-5-background-color has-background\"><\/p>\n","protected":false},"excerpt":{"rendered":"<p>Datenschutzerkl\u00e4rung f\u00fcr die Website www.ammacars.pl G\u00fcltig ab: 14.05.2025r. \u00a71 Allgemeine Informationen \u00a72 Umfang der Datenverarbeitung Der Controller kann die folgenden Benutzerdaten verarbeiten: \u00a73 Zwecke der Datenverarbeitung Personenbezogene Daten werden f\u00fcr die folgenden Zwecke verarbeitet: \u00a74 Rechtsgrundlage f\u00fcr die Verarbeitung Die Verarbeitung personenbezogener Daten erfolgt gem\u00e4\u00df Artikel 6(1) der RODO: \u00a75 Empf\u00e4nger der Daten \u00a76 Benutzerrechte [&hellip;]<\/p>\n","protected":false},"author":1,"featured_media":0,"parent":0,"menu_order":0,"comment_status":"closed","ping_status":"closed","template":"","meta":{"site-sidebar-layout":"default","site-content-layout":"","ast-site-content-layout":"default","site-content-style":"default","site-sidebar-style":"default","ast-global-header-display":"","ast-banner-title-visibility":"","ast-main-header-display":"","ast-hfb-above-header-display":"","ast-hfb-below-header-display":"","ast-hfb-mobile-header-display":"","site-post-title":"","ast-breadcrumbs-content":"","ast-featured-img":"","footer-sml-layout":"","theme-transparent-header-meta":"","adv-header-id-meta":"","stick-header-meta":"","header-above-stick-meta":"","header-main-stick-meta":"","header-below-stick-meta":"","astra-migrate-meta-layouts":"default","ast-page-background-enabled":"default","ast-page-background-meta":{"desktop":{"background-color":"","background-image":"","background-repeat":"repeat","background-position":"center center","background-size":"auto","background-attachment":"scroll","background-type":"","background-media":"","overlay-type":"","overlay-color":"","overlay-opacity":"","overlay-gradient":""},"tablet":{"background-color":"","background-image":"","background-repeat":"repeat","background-position":"center center","background-size":"auto","background-attachment":"scroll","background-type":"","background-media":"","overlay-type":"","overlay-color":"","overlay-opacity":"","overlay-gradient":""},"mobile":{"background-color":"","background-image":"","background-repeat":"repeat","background-position":"center center","background-size":"auto","background-attachment":"scroll","background-type":"","background-media":"","overlay-type":"","overlay-color":"","overlay-opacity":"","overlay-gradient":""}},"ast-content-background-meta":{"desktop":{"background-color":"var(--ast-global-color-5)","background-image":"","background-repeat":"repeat","background-position":"center center","background-size":"auto","background-attachment":"scroll","background-type":"","background-media":"","overlay-type":"","overlay-color":"","overlay-opacity":"","overlay-gradient":""},"tablet":{"background-color":"var(--ast-global-color-5)","background-image":"","background-repeat":"repeat","background-position":"center center","background-size":"auto","background-attachment":"scroll","background-type":"","background-media":"","overlay-type":"","overlay-color":"","overlay-opacity":"","overlay-gradient":""},"mobile":{"background-color":"var(--ast-global-color-5)","background-image":"","background-repeat":"repeat","background-position":"center center","background-size":"auto","background-attachment":"scroll","background-type":"","background-media":"","overlay-type":"","overlay-color":"","overlay-opacity":"","overlay-gradient":""}},"_glsr_average":0,"_glsr_ranking":0,"_glsr_reviews":0,"footnotes":""},"class_list":["post-1570","page","type-page","status-publish","hentry"],"yoast_head":"<!-- This site is optimized with the Yoast SEO plugin v26.7 - https:\/\/yoast.com\/wordpress\/plugins\/seo\/ -->\n<title>Datenschutzbestimmungen - AmmaCars<\/title>\n<meta name=\"description\" content=\"AmmaCars \u27a4 Datenschutzbestimmungen \u2714\ufe0f Transport door-to-door \u2714\ufe0f Do\u015bwiadczenie i terminowo\u015b\u0107 \u2b50 Sprawd\u017a!\" \/>\n<meta name=\"robots\" content=\"index, follow, max-snippet:-1, max-image-preview:large, max-video-preview:-1\" \/>\n<link rel=\"canonical\" href=\"https:\/\/ammacars.pl\/de\/datenschutzbestimmungen\/\" \/>\n<meta property=\"og:locale\" content=\"de_DE\" \/>\n<meta property=\"og:type\" content=\"article\" \/>\n<meta property=\"og:title\" content=\"Datenschutzbestimmungen - AmmaCars\" \/>\n<meta property=\"og:description\" content=\"AmmaCars \u27a4 Datenschutzbestimmungen \u2714\ufe0f Transport door-to-door \u2714\ufe0f Do\u015bwiadczenie i terminowo\u015b\u0107 \u2b50 Sprawd\u017a!\" \/>\n<meta property=\"og:url\" content=\"https:\/\/ammacars.pl\/de\/datenschutzbestimmungen\/\" \/>\n<meta property=\"og:site_name\" content=\"Transport samochod\u00f3w Hiszpania\u00a0Portugalia\" \/>\n<meta property=\"article:modified_time\" content=\"2025-05-21T13:56:54+00:00\" \/>\n<meta name=\"twitter:card\" content=\"summary_large_image\" \/>\n<meta name=\"twitter:label1\" content=\"Gesch\u00e4tzte Lesezeit\" \/>\n\t<meta name=\"twitter:data1\" content=\"2\u00a0Minuten\" \/>\n<script type=\"application\/ld+json\" class=\"yoast-schema-graph\">{\"@context\":\"https:\/\/schema.org\",\"@graph\":[{\"@type\":\"WebPage\",\"@id\":\"https:\/\/ammacars.pl\/de\/datenschutzbestimmungen\/\",\"url\":\"https:\/\/ammacars.pl\/de\/datenschutzbestimmungen\/\",\"name\":\"Datenschutzbestimmungen - AmmaCars\",\"isPartOf\":{\"@id\":\"https:\/\/ammacars.pl\/de\/#website\"},\"datePublished\":\"2025-04-06T09:58:01+00:00\",\"dateModified\":\"2025-05-21T13:56:54+00:00\",\"description\":\"AmmaCars \u27a4 Datenschutzbestimmungen \u2714\ufe0f Transport door-to-door \u2714\ufe0f Do\u015bwiadczenie i terminowo\u015b\u0107 \u2b50 Sprawd\u017a!\",\"breadcrumb\":{\"@id\":\"https:\/\/ammacars.pl\/de\/datenschutzbestimmungen\/#breadcrumb\"},\"inLanguage\":\"de\",\"potentialAction\":[{\"@type\":\"ReadAction\",\"target\":[\"https:\/\/ammacars.pl\/de\/datenschutzbestimmungen\/\"]}]},{\"@type\":\"BreadcrumbList\",\"@id\":\"https:\/\/ammacars.pl\/de\/datenschutzbestimmungen\/#breadcrumb\",\"itemListElement\":[{\"@type\":\"ListItem\",\"position\":1,\"name\":\"Strona g\u0142\u00f3wna\",\"item\":\"https:\/\/ammacars.pl\/de\/startseite\/\"},{\"@type\":\"ListItem\",\"position\":2,\"name\":\"Datenschutzbestimmungen\"}]},{\"@type\":\"WebSite\",\"@id\":\"https:\/\/ammacars.pl\/de\/#website\",\"url\":\"https:\/\/ammacars.pl\/de\/\",\"name\":\"Transport samochod\u00f3w Hiszpania\u00a0Portugalia\",\"description\":\"\",\"publisher\":{\"@id\":\"https:\/\/ammacars.pl\/de\/#organization\"},\"potentialAction\":[{\"@type\":\"SearchAction\",\"target\":{\"@type\":\"EntryPoint\",\"urlTemplate\":\"https:\/\/ammacars.pl\/de\/?s={search_term_string}\"},\"query-input\":{\"@type\":\"PropertyValueSpecification\",\"valueRequired\":true,\"valueName\":\"search_term_string\"}}],\"inLanguage\":\"de\"},{\"@type\":\"Organization\",\"@id\":\"https:\/\/ammacars.pl\/de\/#organization\",\"name\":\"Transport samochod\u00f3w Hiszpania\u00a0Portugalia\",\"url\":\"https:\/\/ammacars.pl\/de\/\",\"logo\":{\"@type\":\"ImageObject\",\"inLanguage\":\"de\",\"@id\":\"https:\/\/ammacars.pl\/de\/#\/schema\/logo\/image\/\",\"url\":\"https:\/\/ammacars.pl\/wp-content\/uploads\/2025\/04\/Logo-biale.png\",\"contentUrl\":\"https:\/\/ammacars.pl\/wp-content\/uploads\/2025\/04\/Logo-biale.png\",\"width\":1472,\"height\":592,\"caption\":\"Transport samochod\u00f3w Hiszpania\u00a0Portugalia\"},\"image\":{\"@id\":\"https:\/\/ammacars.pl\/de\/#\/schema\/logo\/image\/\"}}]}<\/script>\n<!-- \/ Yoast SEO plugin. -->","yoast_head_json":{"title":"Datenschutzbestimmungen - AmmaCars","description":"AmmaCars \u27a4 Datenschutzbestimmungen \u2714\ufe0f Transport door-to-door \u2714\ufe0f Do\u015bwiadczenie i terminowo\u015b\u0107 \u2b50 Sprawd\u017a!","robots":{"index":"index","follow":"follow","max-snippet":"max-snippet:-1","max-image-preview":"max-image-preview:large","max-video-preview":"max-video-preview:-1"},"canonical":"https:\/\/ammacars.pl\/de\/datenschutzbestimmungen\/","og_locale":"de_DE","og_type":"article","og_title":"Datenschutzbestimmungen - AmmaCars","og_description":"AmmaCars \u27a4 Datenschutzbestimmungen \u2714\ufe0f Transport door-to-door \u2714\ufe0f Do\u015bwiadczenie i terminowo\u015b\u0107 \u2b50 Sprawd\u017a!","og_url":"https:\/\/ammacars.pl\/de\/datenschutzbestimmungen\/","og_site_name":"Transport samochod\u00f3w Hiszpania\u00a0Portugalia","article_modified_time":"2025-05-21T13:56:54+00:00","twitter_card":"summary_large_image","twitter_misc":{"Gesch\u00e4tzte Lesezeit":"2\u00a0Minuten"},"schema":{"@context":"https:\/\/schema.org","@graph":[{"@type":"WebPage","@id":"https:\/\/ammacars.pl\/de\/datenschutzbestimmungen\/","url":"https:\/\/ammacars.pl\/de\/datenschutzbestimmungen\/","name":"Datenschutzbestimmungen - AmmaCars","isPartOf":{"@id":"https:\/\/ammacars.pl\/de\/#website"},"datePublished":"2025-04-06T09:58:01+00:00","dateModified":"2025-05-21T13:56:54+00:00","description":"AmmaCars \u27a4 Datenschutzbestimmungen \u2714\ufe0f Transport door-to-door \u2714\ufe0f Do\u015bwiadczenie i terminowo\u015b\u0107 \u2b50 Sprawd\u017a!","breadcrumb":{"@id":"https:\/\/ammacars.pl\/de\/datenschutzbestimmungen\/#breadcrumb"},"inLanguage":"de","potentialAction":[{"@type":"ReadAction","target":["https:\/\/ammacars.pl\/de\/datenschutzbestimmungen\/"]}]},{"@type":"BreadcrumbList","@id":"https:\/\/ammacars.pl\/de\/datenschutzbestimmungen\/#breadcrumb","itemListElement":[{"@type":"ListItem","position":1,"name":"Strona g\u0142\u00f3wna","item":"https:\/\/ammacars.pl\/de\/startseite\/"},{"@type":"ListItem","position":2,"name":"Datenschutzbestimmungen"}]},{"@type":"WebSite","@id":"https:\/\/ammacars.pl\/de\/#website","url":"https:\/\/ammacars.pl\/de\/","name":"Transport samochod\u00f3w Hiszpania\u00a0Portugalia","description":"","publisher":{"@id":"https:\/\/ammacars.pl\/de\/#organization"},"potentialAction":[{"@type":"SearchAction","target":{"@type":"EntryPoint","urlTemplate":"https:\/\/ammacars.pl\/de\/?s={search_term_string}"},"query-input":{"@type":"PropertyValueSpecification","valueRequired":true,"valueName":"search_term_string"}}],"inLanguage":"de"},{"@type":"Organization","@id":"https:\/\/ammacars.pl\/de\/#organization","name":"Transport samochod\u00f3w Hiszpania\u00a0Portugalia","url":"https:\/\/ammacars.pl\/de\/","logo":{"@type":"ImageObject","inLanguage":"de","@id":"https:\/\/ammacars.pl\/de\/#\/schema\/logo\/image\/","url":"https:\/\/ammacars.pl\/wp-content\/uploads\/2025\/04\/Logo-biale.png","contentUrl":"https:\/\/ammacars.pl\/wp-content\/uploads\/2025\/04\/Logo-biale.png","width":1472,"height":592,"caption":"Transport samochod\u00f3w Hiszpania\u00a0Portugalia"},"image":{"@id":"https:\/\/ammacars.pl\/de\/#\/schema\/logo\/image\/"}}]}},"_links":{"self":[{"href":"https:\/\/ammacars.pl\/de\/wp-json\/wp\/v2\/pages\/1570","targetHints":{"allow":["GET"]}}],"collection":[{"href":"https:\/\/ammacars.pl\/de\/wp-json\/wp\/v2\/pages"}],"about":[{"href":"https:\/\/ammacars.pl\/de\/wp-json\/wp\/v2\/types\/page"}],"author":[{"embeddable":true,"href":"https:\/\/ammacars.pl\/de\/wp-json\/wp\/v2\/users\/1"}],"replies":[{"embeddable":true,"href":"https:\/\/ammacars.pl\/de\/wp-json\/wp\/v2\/comments?post=1570"}],"version-history":[{"count":1,"href":"https:\/\/ammacars.pl\/de\/wp-json\/wp\/v2\/pages\/1570\/revisions"}],"predecessor-version":[{"id":1571,"href":"https:\/\/ammacars.pl\/de\/wp-json\/wp\/v2\/pages\/1570\/revisions\/1571"}],"wp:attachment":[{"href":"https:\/\/ammacars.pl\/de\/wp-json\/wp\/v2\/media?parent=1570"}],"curies":[{"name":"wp","href":"https:\/\/api.w.org\/{rel}","templated":true}]}}