{"id":1705,"date":"2025-12-02T15:10:03","date_gmt":"2025-12-02T15:10:03","guid":{"rendered":"https:\/\/ammacars.pl\/ueber-uns\/"},"modified":"2025-12-07T12:52:25","modified_gmt":"2025-12-07T12:52:25","slug":"ueber-uns","status":"publish","type":"page","link":"https:\/\/ammacars.pl\/de\/ueber-uns\/","title":{"rendered":"\u00dcber uns"},"content":{"rendered":"\t\t<div data-elementor-type=\"wp-page\" data-elementor-id=\"1705\" class=\"elementor elementor-1705 elementor-1667\">\n\t\t\t\t<div class=\"elementor-element elementor-element-4dc5f1f e-flex e-con-boxed e-con e-parent\" data-id=\"4dc5f1f\" data-element_type=\"container\" data-settings=\"{&quot;background_background&quot;:&quot;classic&quot;}\">\n\t\t\t\t\t<div class=\"e-con-inner\">\n\t\t<div class=\"elementor-element elementor-element-351dc25 e-con-full e-flex e-con e-child\" data-id=\"351dc25\" data-element_type=\"container\">\n\t\t<div class=\"elementor-element elementor-element-d55b735 e-con-full e-flex e-con e-child\" data-id=\"d55b735\" data-element_type=\"container\">\n\t\t<div class=\"elementor-element elementor-element-043f15c e-con-full e-flex e-con e-child\" data-id=\"043f15c\" data-element_type=\"container\">\n\t\t\t\t<div class=\"elementor-element elementor-element-a043cce elementor-widget elementor-widget-heading\" data-id=\"a043cce\" data-element_type=\"widget\" data-widget_type=\"heading.default\">\n\t\t\t\t<div class=\"elementor-widget-container\">\n\t\t\t\t\t<h1 class=\"elementor-heading-title elementor-size-default\">\u00dcber uns<\/h1>\t\t\t\t<\/div>\n\t\t\t\t<\/div>\n\t\t\t\t<\/div>\n\t\t\t\t<\/div>\n\t\t<div class=\"elementor-element elementor-element-67786b8 e-con-full e-flex e-con e-child\" data-id=\"67786b8\" data-element_type=\"container\">\n\t\t<div class=\"elementor-element elementor-element-3c0ad3f e-con-full e-flex e-con e-child\" data-id=\"3c0ad3f\" data-element_type=\"container\">\n\t\t\t\t<\/div>\n\t\t\t\t<\/div>\n\t\t\t\t<\/div>\n\t\t\t\t\t<\/div>\n\t\t\t\t<\/div>\n\t\t<div class=\"elementor-element elementor-element-85093d8 e-flex e-con-boxed e-con e-parent\" data-id=\"85093d8\" data-element_type=\"container\" data-settings=\"{&quot;background_background&quot;:&quot;classic&quot;}\">\n\t\t\t\t\t<div class=\"e-con-inner\">\n\t\t<div class=\"elementor-element elementor-element-64ebdd5 e-con-full e-flex e-con e-child\" data-id=\"64ebdd5\" data-element_type=\"container\">\n\t\t\t\t<div class=\"elementor-element elementor-element-d128041 elementor-widget elementor-widget-text-editor\" data-id=\"d128041\" data-element_type=\"widget\" data-widget_type=\"text-editor.default\">\n\t\t\t\t<div class=\"elementor-widget-container\">\n\t\t\t\t\t\t\t\t\t<p>Wir sind ein Unternehmen, das sich auf den professionellen Transport von Autos nach\/von<strong> SPANIEN und PORTUGAL<\/strong> spezialisiert hat<strong>.<\/strong> Seit Beginn unserer T\u00e4tigkeit haben wir uns auf Zuverl\u00e4ssigkeit, Sicherheit und h\u00f6chste Servicequalit\u00e4t konzentriert, dank derer uns viele Privatkunden, Autoh\u00e4user, Ausstellungsr\u00e4ume und Unternehmen aus ganz Europa ihr Vertrauen schenken.<\/p><p>Wir verf\u00fcgen \u00fcber eine moderne Flotte von Autotransportern und besch\u00e4ftigen qualifizierte Fahrer, die sich um jedes uns anvertraute Fahrzeug k\u00fcmmern. Wir transportieren sowohl Personenkraftwagen als auch Luxus-, Unfall-, Neu- oder Gebrauchtwagen &#8211; immer mit sorgf\u00e4ltiger Behandlung in jeder Phase. <\/p><p>Unsere Priorit\u00e4t ist P\u00fcnktlichkeit und transparente Kommunikation. Wir halten unsere Kunden stets \u00fcber den Fortschritt des Transports auf dem Laufenden und erm\u00f6glichen eine bequeme und stressfreie GPS-\u00dcberwachung. Wir bearbeiten jeden Auftrag individuell, w\u00e4hlen die optimalen logistischen L\u00f6sungen aus und gew\u00e4hrleisten wettbewerbsf\u00e4hige Preise.  <\/p><p>Wir glauben, dass ein professioneller Ansatz, Engagement und Leidenschaft f\u00fcr den Transport die Qualit\u00e4t schaffen, die uns auf dem Markt auszeichnet. Wenn Sie einen zuverl\u00e4ssigen Partner f\u00fcr Autotransporte von\/nach SPANIEN <strong>und PORTUGAL<\/strong> suchen, sind Sie bei uns genau richtig. <\/p>\t\t\t\t\t\t\t\t<\/div>\n\t\t\t\t<\/div>\n\t\t\t\t<\/div>\n\t\t<div class=\"elementor-element elementor-element-9e52fc0 e-con-full e-flex e-con e-child\" data-id=\"9e52fc0\" data-element_type=\"container\">\n\t\t\t\t<div class=\"elementor-element elementor-element-4fbaae2 elementor-widget elementor-widget-image\" data-id=\"4fbaae2\" data-element_type=\"widget\" data-widget_type=\"image.default\">\n\t\t\t\t<div class=\"elementor-widget-container\">\n\t\t\t\t\t\t\t\t\t\t\t\t\t\t\t<img fetchpriority=\"high\" decoding=\"async\" width=\"1024\" height=\"768\" src=\"https:\/\/ammacars.pl\/wp-content\/uploads\/2025\/12\/IMG-20251108-WA0009-1024x768.jpg\" class=\"attachment-large size-large wp-image-1671\" alt=\"\" srcset=\"https:\/\/ammacars.pl\/wp-content\/uploads\/2025\/12\/IMG-20251108-WA0009-1024x768.jpg 1024w, https:\/\/ammacars.pl\/wp-content\/uploads\/2025\/12\/IMG-20251108-WA0009-300x225.jpg 300w, https:\/\/ammacars.pl\/wp-content\/uploads\/2025\/12\/IMG-20251108-WA0009-768x576.jpg 768w, https:\/\/ammacars.pl\/wp-content\/uploads\/2025\/12\/IMG-20251108-WA0009-1536x1152.jpg 1536w, https:\/\/ammacars.pl\/wp-content\/uploads\/2025\/12\/IMG-20251108-WA0009.jpg 1600w\" sizes=\"(max-width: 1024px) 100vw, 1024px\" \/>\t\t\t\t\t\t\t\t\t\t\t\t\t\t\t<\/div>\n\t\t\t\t<\/div>\n\t\t\t\t<\/div>\n\t\t\t\t\t<\/div>\n\t\t\t\t<\/div>\n\t\t\t\t<\/div>\n\t\t","protected":false},"excerpt":{"rendered":"<p>\u00dcber uns Wir sind ein Unternehmen, das sich auf den professionellen Transport von Autos nach\/von SPANIEN und PORTUGAL spezialisiert hat. Seit Beginn unserer T\u00e4tigkeit haben wir uns auf Zuverl\u00e4ssigkeit, Sicherheit und h\u00f6chste Servicequalit\u00e4t konzentriert, dank derer uns viele Privatkunden, Autoh\u00e4user, Ausstellungsr\u00e4ume und Unternehmen aus ganz Europa ihr Vertrauen schenken. Wir verf\u00fcgen \u00fcber eine moderne Flotte [&hellip;]<\/p>\n","protected":false},"author":1,"featured_media":0,"parent":0,"menu_order":0,"comment_status":"closed","ping_status":"closed","template":"","meta":{"site-sidebar-layout":"no-sidebar","site-content-layout":"page-builder","ast-site-content-layout":"full-width-container","site-content-style":"unboxed","site-sidebar-style":"unboxed","ast-global-header-display":"","ast-banner-title-visibility":"","ast-main-header-display":"","ast-hfb-above-header-display":"","ast-hfb-below-header-display":"","ast-hfb-mobile-header-display":"","site-post-title":"disabled","ast-breadcrumbs-content":"disabled","ast-featured-img":"disabled","footer-sml-layout":"","theme-transparent-header-meta":"enabled","adv-header-id-meta":"","stick-header-meta":"","header-above-stick-meta":"","header-main-stick-meta":"","header-below-stick-meta":"","astra-migrate-meta-layouts":"default","ast-page-background-enabled":"default","ast-page-background-meta":{"desktop":{"background-color":"","background-image":"","background-repeat":"repeat","background-position":"center center","background-size":"auto","background-attachment":"scroll","background-type":"","background-media":"","overlay-type":"","overlay-color":"","overlay-opacity":"","overlay-gradient":""},"tablet":{"background-color":"","background-image":"","background-repeat":"repeat","background-position":"center center","background-size":"auto","background-attachment":"scroll","background-type":"","background-media":"","overlay-type":"","overlay-color":"","overlay-opacity":"","overlay-gradient":""},"mobile":{"background-color":"","background-image":"","background-repeat":"repeat","background-position":"center center","background-size":"auto","background-attachment":"scroll","background-type":"","background-media":"","overlay-type":"","overlay-color":"","overlay-opacity":"","overlay-gradient":""}},"ast-content-background-meta":{"desktop":{"background-color":"var(--ast-global-color-5)","background-image":"","background-repeat":"repeat","background-position":"center center","background-size":"auto","background-attachment":"scroll","background-type":"","background-media":"","overlay-type":"","overlay-color":"","overlay-opacity":"","overlay-gradient":""},"tablet":{"background-color":"var(--ast-global-color-5)","background-image":"","background-repeat":"repeat","background-position":"center center","background-size":"auto","background-attachment":"scroll","background-type":"","background-media":"","overlay-type":"","overlay-color":"","overlay-opacity":"","overlay-gradient":""},"mobile":{"background-color":"var(--ast-global-color-5)","background-image":"","background-repeat":"repeat","background-position":"center center","background-size":"auto","background-attachment":"scroll","background-type":"","background-media":"","overlay-type":"","overlay-color":"","overlay-opacity":"","overlay-gradient":""}},"_glsr_average":0,"_glsr_ranking":0,"_glsr_reviews":0,"footnotes":""},"class_list":["post-1705","page","type-page","status-publish","hentry"],"yoast_head":"<!-- This site is optimized with the Yoast SEO plugin v26.7 - https:\/\/yoast.com\/wordpress\/plugins\/seo\/ -->\n<title>\u00dcber uns - AmmaCars<\/title>\n<meta name=\"description\" content=\"AmmaCars \u27a4 \u00dcber uns \u2714\ufe0f Transport door-to-door \u2714\ufe0f Do\u015bwiadczenie i terminowo\u015b\u0107 \u2b50 Sprawd\u017a!\" \/>\n<meta name=\"robots\" content=\"index, follow, max-snippet:-1, max-image-preview:large, max-video-preview:-1\" \/>\n<link rel=\"canonical\" href=\"https:\/\/ammacars.pl\/de\/ueber-uns\/\" \/>\n<meta property=\"og:locale\" content=\"de_DE\" \/>\n<meta property=\"og:type\" content=\"article\" \/>\n<meta property=\"og:title\" content=\"\u00dcber uns - AmmaCars\" \/>\n<meta property=\"og:description\" content=\"AmmaCars \u27a4 \u00dcber uns \u2714\ufe0f Transport door-to-door \u2714\ufe0f Do\u015bwiadczenie i terminowo\u015b\u0107 \u2b50 Sprawd\u017a!\" \/>\n<meta property=\"og:url\" content=\"https:\/\/ammacars.pl\/de\/ueber-uns\/\" \/>\n<meta property=\"og:site_name\" content=\"Transport samochod\u00f3w Hiszpania\u00a0Portugalia\" \/>\n<meta property=\"article:modified_time\" content=\"2025-12-07T12:52:25+00:00\" \/>\n<meta property=\"og:image\" content=\"https:\/\/ammacars.pl\/wp-content\/uploads\/2025\/12\/IMG-20251108-WA0009-e1764688079200.jpg\" \/>\n\t<meta property=\"og:image:width\" content=\"824\" \/>\n\t<meta property=\"og:image:height\" content=\"1075\" \/>\n\t<meta property=\"og:image:type\" content=\"image\/jpeg\" \/>\n<meta name=\"twitter:card\" content=\"summary_large_image\" \/>\n<meta name=\"twitter:label1\" content=\"Gesch\u00e4tzte Lesezeit\" \/>\n\t<meta name=\"twitter:data1\" content=\"1\u00a0Minute\" \/>\n<script type=\"application\/ld+json\" class=\"yoast-schema-graph\">{\"@context\":\"https:\/\/schema.org\",\"@graph\":[{\"@type\":\"WebPage\",\"@id\":\"https:\/\/ammacars.pl\/de\/ueber-uns\/\",\"url\":\"https:\/\/ammacars.pl\/de\/ueber-uns\/\",\"name\":\"\u00dcber uns - AmmaCars\",\"isPartOf\":{\"@id\":\"https:\/\/ammacars.pl\/de\/#website\"},\"primaryImageOfPage\":{\"@id\":\"https:\/\/ammacars.pl\/de\/ueber-uns\/#primaryimage\"},\"image\":{\"@id\":\"https:\/\/ammacars.pl\/de\/ueber-uns\/#primaryimage\"},\"thumbnailUrl\":\"https:\/\/ammacars.pl\/wp-content\/uploads\/2025\/12\/IMG-20251108-WA0009-e1764688079200-785x1024.jpg\",\"datePublished\":\"2025-12-02T15:10:03+00:00\",\"dateModified\":\"2025-12-07T12:52:25+00:00\",\"description\":\"AmmaCars \u27a4 \u00dcber uns \u2714\ufe0f Transport door-to-door \u2714\ufe0f Do\u015bwiadczenie i terminowo\u015b\u0107 \u2b50 Sprawd\u017a!\",\"breadcrumb\":{\"@id\":\"https:\/\/ammacars.pl\/de\/ueber-uns\/#breadcrumb\"},\"inLanguage\":\"de\",\"potentialAction\":[{\"@type\":\"ReadAction\",\"target\":[\"https:\/\/ammacars.pl\/de\/ueber-uns\/\"]}]},{\"@type\":\"ImageObject\",\"inLanguage\":\"de\",\"@id\":\"https:\/\/ammacars.pl\/de\/ueber-uns\/#primaryimage\",\"url\":\"https:\/\/ammacars.pl\/wp-content\/uploads\/2025\/12\/IMG-20251108-WA0009-e1764688079200-785x1024.jpg\",\"contentUrl\":\"https:\/\/ammacars.pl\/wp-content\/uploads\/2025\/12\/IMG-20251108-WA0009-e1764688079200-785x1024.jpg\"},{\"@type\":\"BreadcrumbList\",\"@id\":\"https:\/\/ammacars.pl\/de\/ueber-uns\/#breadcrumb\",\"itemListElement\":[{\"@type\":\"ListItem\",\"position\":1,\"name\":\"Strona g\u0142\u00f3wna\",\"item\":\"https:\/\/ammacars.pl\/de\/startseite\/\"},{\"@type\":\"ListItem\",\"position\":2,\"name\":\"\u00dcber uns\"}]},{\"@type\":\"WebSite\",\"@id\":\"https:\/\/ammacars.pl\/de\/#website\",\"url\":\"https:\/\/ammacars.pl\/de\/\",\"name\":\"Transport samochod\u00f3w Hiszpania\u00a0Portugalia\",\"description\":\"\",\"publisher\":{\"@id\":\"https:\/\/ammacars.pl\/de\/#organization\"},\"potentialAction\":[{\"@type\":\"SearchAction\",\"target\":{\"@type\":\"EntryPoint\",\"urlTemplate\":\"https:\/\/ammacars.pl\/de\/?s={search_term_string}\"},\"query-input\":{\"@type\":\"PropertyValueSpecification\",\"valueRequired\":true,\"valueName\":\"search_term_string\"}}],\"inLanguage\":\"de\"},{\"@type\":\"Organization\",\"@id\":\"https:\/\/ammacars.pl\/de\/#organization\",\"name\":\"Transport samochod\u00f3w Hiszpania\u00a0Portugalia\",\"url\":\"https:\/\/ammacars.pl\/de\/\",\"logo\":{\"@type\":\"ImageObject\",\"inLanguage\":\"de\",\"@id\":\"https:\/\/ammacars.pl\/de\/#\/schema\/logo\/image\/\",\"url\":\"https:\/\/ammacars.pl\/wp-content\/uploads\/2025\/04\/Logo-biale.png\",\"contentUrl\":\"https:\/\/ammacars.pl\/wp-content\/uploads\/2025\/04\/Logo-biale.png\",\"width\":1472,\"height\":592,\"caption\":\"Transport samochod\u00f3w Hiszpania\u00a0Portugalia\"},\"image\":{\"@id\":\"https:\/\/ammacars.pl\/de\/#\/schema\/logo\/image\/\"}}]}<\/script>\n<!-- \/ Yoast SEO plugin. -->","yoast_head_json":{"title":"\u00dcber uns - AmmaCars","description":"AmmaCars \u27a4 \u00dcber uns \u2714\ufe0f Transport door-to-door \u2714\ufe0f Do\u015bwiadczenie i terminowo\u015b\u0107 \u2b50 Sprawd\u017a!","robots":{"index":"index","follow":"follow","max-snippet":"max-snippet:-1","max-image-preview":"max-image-preview:large","max-video-preview":"max-video-preview:-1"},"canonical":"https:\/\/ammacars.pl\/de\/ueber-uns\/","og_locale":"de_DE","og_type":"article","og_title":"\u00dcber uns - AmmaCars","og_description":"AmmaCars \u27a4 \u00dcber uns \u2714\ufe0f Transport door-to-door \u2714\ufe0f Do\u015bwiadczenie i terminowo\u015b\u0107 \u2b50 Sprawd\u017a!","og_url":"https:\/\/ammacars.pl\/de\/ueber-uns\/","og_site_name":"Transport samochod\u00f3w Hiszpania\u00a0Portugalia","article_modified_time":"2025-12-07T12:52:25+00:00","og_image":[{"width":824,"height":1075,"url":"https:\/\/ammacars.pl\/wp-content\/uploads\/2025\/12\/IMG-20251108-WA0009-e1764688079200.jpg","type":"image\/jpeg"}],"twitter_card":"summary_large_image","twitter_misc":{"Gesch\u00e4tzte Lesezeit":"1\u00a0Minute"},"schema":{"@context":"https:\/\/schema.org","@graph":[{"@type":"WebPage","@id":"https:\/\/ammacars.pl\/de\/ueber-uns\/","url":"https:\/\/ammacars.pl\/de\/ueber-uns\/","name":"\u00dcber uns - AmmaCars","isPartOf":{"@id":"https:\/\/ammacars.pl\/de\/#website"},"primaryImageOfPage":{"@id":"https:\/\/ammacars.pl\/de\/ueber-uns\/#primaryimage"},"image":{"@id":"https:\/\/ammacars.pl\/de\/ueber-uns\/#primaryimage"},"thumbnailUrl":"https:\/\/ammacars.pl\/wp-content\/uploads\/2025\/12\/IMG-20251108-WA0009-e1764688079200-785x1024.jpg","datePublished":"2025-12-02T15:10:03+00:00","dateModified":"2025-12-07T12:52:25+00:00","description":"AmmaCars \u27a4 \u00dcber uns \u2714\ufe0f Transport door-to-door \u2714\ufe0f Do\u015bwiadczenie i terminowo\u015b\u0107 \u2b50 Sprawd\u017a!","breadcrumb":{"@id":"https:\/\/ammacars.pl\/de\/ueber-uns\/#breadcrumb"},"inLanguage":"de","potentialAction":[{"@type":"ReadAction","target":["https:\/\/ammacars.pl\/de\/ueber-uns\/"]}]},{"@type":"ImageObject","inLanguage":"de","@id":"https:\/\/ammacars.pl\/de\/ueber-uns\/#primaryimage","url":"https:\/\/ammacars.pl\/wp-content\/uploads\/2025\/12\/IMG-20251108-WA0009-e1764688079200-785x1024.jpg","contentUrl":"https:\/\/ammacars.pl\/wp-content\/uploads\/2025\/12\/IMG-20251108-WA0009-e1764688079200-785x1024.jpg"},{"@type":"BreadcrumbList","@id":"https:\/\/ammacars.pl\/de\/ueber-uns\/#breadcrumb","itemListElement":[{"@type":"ListItem","position":1,"name":"Strona g\u0142\u00f3wna","item":"https:\/\/ammacars.pl\/de\/startseite\/"},{"@type":"ListItem","position":2,"name":"\u00dcber uns"}]},{"@type":"WebSite","@id":"https:\/\/ammacars.pl\/de\/#website","url":"https:\/\/ammacars.pl\/de\/","name":"Transport samochod\u00f3w Hiszpania\u00a0Portugalia","description":"","publisher":{"@id":"https:\/\/ammacars.pl\/de\/#organization"},"potentialAction":[{"@type":"SearchAction","target":{"@type":"EntryPoint","urlTemplate":"https:\/\/ammacars.pl\/de\/?s={search_term_string}"},"query-input":{"@type":"PropertyValueSpecification","valueRequired":true,"valueName":"search_term_string"}}],"inLanguage":"de"},{"@type":"Organization","@id":"https:\/\/ammacars.pl\/de\/#organization","name":"Transport samochod\u00f3w Hiszpania\u00a0Portugalia","url":"https:\/\/ammacars.pl\/de\/","logo":{"@type":"ImageObject","inLanguage":"de","@id":"https:\/\/ammacars.pl\/de\/#\/schema\/logo\/image\/","url":"https:\/\/ammacars.pl\/wp-content\/uploads\/2025\/04\/Logo-biale.png","contentUrl":"https:\/\/ammacars.pl\/wp-content\/uploads\/2025\/04\/Logo-biale.png","width":1472,"height":592,"caption":"Transport samochod\u00f3w Hiszpania\u00a0Portugalia"},"image":{"@id":"https:\/\/ammacars.pl\/de\/#\/schema\/logo\/image\/"}}]}},"_links":{"self":[{"href":"https:\/\/ammacars.pl\/de\/wp-json\/wp\/v2\/pages\/1705","targetHints":{"allow":["GET"]}}],"collection":[{"href":"https:\/\/ammacars.pl\/de\/wp-json\/wp\/v2\/pages"}],"about":[{"href":"https:\/\/ammacars.pl\/de\/wp-json\/wp\/v2\/types\/page"}],"author":[{"embeddable":true,"href":"https:\/\/ammacars.pl\/de\/wp-json\/wp\/v2\/users\/1"}],"replies":[{"embeddable":true,"href":"https:\/\/ammacars.pl\/de\/wp-json\/wp\/v2\/comments?post=1705"}],"version-history":[{"count":2,"href":"https:\/\/ammacars.pl\/de\/wp-json\/wp\/v2\/pages\/1705\/revisions"}],"predecessor-version":[{"id":1778,"href":"https:\/\/ammacars.pl\/de\/wp-json\/wp\/v2\/pages\/1705\/revisions\/1778"}],"wp:attachment":[{"href":"https:\/\/ammacars.pl\/de\/wp-json\/wp\/v2\/media?parent=1705"}],"curies":[{"name":"wp","href":"https:\/\/api.w.org\/{rel}","templated":true}]}}