{"id":1703,"date":"2025-12-02T15:10:03","date_gmt":"2025-12-02T15:10:03","guid":{"rendered":"https:\/\/ammacars.pl\/about-us\/"},"modified":"2025-12-07T12:52:16","modified_gmt":"2025-12-07T12:52:16","slug":"about-us","status":"publish","type":"page","link":"https:\/\/ammacars.pl\/en\/about-us\/","title":{"rendered":"About us"},"content":{"rendered":"\t\t<div data-elementor-type=\"wp-page\" data-elementor-id=\"1703\" class=\"elementor elementor-1703 elementor-1667\">\n\t\t\t\t<div class=\"elementor-element elementor-element-4dc5f1f e-flex e-con-boxed e-con e-parent\" data-id=\"4dc5f1f\" data-element_type=\"container\" data-settings=\"{&quot;background_background&quot;:&quot;classic&quot;}\">\n\t\t\t\t\t<div class=\"e-con-inner\">\n\t\t<div class=\"elementor-element elementor-element-351dc25 e-con-full e-flex e-con e-child\" data-id=\"351dc25\" data-element_type=\"container\">\n\t\t<div class=\"elementor-element elementor-element-d55b735 e-con-full e-flex e-con e-child\" data-id=\"d55b735\" data-element_type=\"container\">\n\t\t<div class=\"elementor-element elementor-element-043f15c e-con-full e-flex e-con e-child\" data-id=\"043f15c\" data-element_type=\"container\">\n\t\t\t\t<div class=\"elementor-element elementor-element-a043cce elementor-widget elementor-widget-heading\" data-id=\"a043cce\" data-element_type=\"widget\" data-widget_type=\"heading.default\">\n\t\t\t\t<div class=\"elementor-widget-container\">\n\t\t\t\t\t<h1 class=\"elementor-heading-title elementor-size-default\">About us<\/h1>\t\t\t\t<\/div>\n\t\t\t\t<\/div>\n\t\t\t\t<\/div>\n\t\t\t\t<\/div>\n\t\t<div class=\"elementor-element elementor-element-67786b8 e-con-full e-flex e-con e-child\" data-id=\"67786b8\" data-element_type=\"container\">\n\t\t<div class=\"elementor-element elementor-element-3c0ad3f e-con-full e-flex e-con e-child\" data-id=\"3c0ad3f\" data-element_type=\"container\">\n\t\t\t\t<\/div>\n\t\t\t\t<\/div>\n\t\t\t\t<\/div>\n\t\t\t\t\t<\/div>\n\t\t\t\t<\/div>\n\t\t<div class=\"elementor-element elementor-element-85093d8 e-flex e-con-boxed e-con e-parent\" data-id=\"85093d8\" data-element_type=\"container\" data-settings=\"{&quot;background_background&quot;:&quot;classic&quot;}\">\n\t\t\t\t\t<div class=\"e-con-inner\">\n\t\t<div class=\"elementor-element elementor-element-64ebdd5 e-con-full e-flex e-con e-child\" data-id=\"64ebdd5\" data-element_type=\"container\">\n\t\t\t\t<div class=\"elementor-element elementor-element-d128041 elementor-widget elementor-widget-text-editor\" data-id=\"d128041\" data-element_type=\"widget\" data-widget_type=\"text-editor.default\">\n\t\t\t\t<div class=\"elementor-widget-container\">\n\t\t\t\t\t\t\t\t\t<p>We are a company specializing in professional car transportation on routes from\/to<strong> SPAIN and PORTUGAL.<\/strong> Since the beginning of our activity, we focus on reliability, safety and the highest quality of services, thanks to which we are trusted by many individual customers, commissions, showrooms and companies from all over Europe.<\/p><p>We have a modern fleet of autotransporters and employ qualified drivers who take care of every vehicle entrusted to us. We transport both passenger cars and luxury cars, accident cars, new or used cars &#8211; always with careful handling at every stage. <\/p><p>Our priority is timeliness and transparent communication. We always keep customers informed about the progress of transport, allowing convenient and stress-free GPS monitoring. We handle each order individually, selecting optimal logistics solutions and ensuring competitive prices.  <\/p><p>We believe that a professional approach, commitment and passion for transportation create the quality that sets us apart in the market. If you are looking for a reliable partner for car transportation from\/to SPAIN <strong>and PORTUGAL<\/strong> &#8211; you are in the right place. <\/p>\t\t\t\t\t\t\t\t<\/div>\n\t\t\t\t<\/div>\n\t\t\t\t<\/div>\n\t\t<div class=\"elementor-element elementor-element-9e52fc0 e-con-full e-flex e-con e-child\" data-id=\"9e52fc0\" data-element_type=\"container\">\n\t\t\t\t<div class=\"elementor-element elementor-element-4fbaae2 elementor-widget elementor-widget-image\" data-id=\"4fbaae2\" data-element_type=\"widget\" data-widget_type=\"image.default\">\n\t\t\t\t<div class=\"elementor-widget-container\">\n\t\t\t\t\t\t\t\t\t\t\t\t\t\t\t<img fetchpriority=\"high\" decoding=\"async\" width=\"1024\" height=\"768\" src=\"https:\/\/ammacars.pl\/wp-content\/uploads\/2025\/12\/IMG-20251108-WA0009-1024x768.jpg\" class=\"attachment-large size-large wp-image-1670\" alt=\"\" srcset=\"https:\/\/ammacars.pl\/wp-content\/uploads\/2025\/12\/IMG-20251108-WA0009-1024x768.jpg 1024w, https:\/\/ammacars.pl\/wp-content\/uploads\/2025\/12\/IMG-20251108-WA0009-300x225.jpg 300w, https:\/\/ammacars.pl\/wp-content\/uploads\/2025\/12\/IMG-20251108-WA0009-768x576.jpg 768w, https:\/\/ammacars.pl\/wp-content\/uploads\/2025\/12\/IMG-20251108-WA0009-1536x1152.jpg 1536w, https:\/\/ammacars.pl\/wp-content\/uploads\/2025\/12\/IMG-20251108-WA0009.jpg 1600w\" sizes=\"(max-width: 1024px) 100vw, 1024px\" \/>\t\t\t\t\t\t\t\t\t\t\t\t\t\t\t<\/div>\n\t\t\t\t<\/div>\n\t\t\t\t<\/div>\n\t\t\t\t\t<\/div>\n\t\t\t\t<\/div>\n\t\t\t\t<\/div>\n\t\t","protected":false},"excerpt":{"rendered":"<p>About us We are a company specializing in professional car transportation on routes from\/to SPAIN and PORTUGAL. Since the beginning of our activity, we focus on reliability, safety and the highest quality of services, thanks to which we are trusted by many individual customers, commissions, showrooms and companies from all over Europe. We have a [&hellip;]<\/p>\n","protected":false},"author":1,"featured_media":0,"parent":0,"menu_order":0,"comment_status":"closed","ping_status":"closed","template":"","meta":{"site-sidebar-layout":"no-sidebar","site-content-layout":"page-builder","ast-site-content-layout":"full-width-container","site-content-style":"unboxed","site-sidebar-style":"unboxed","ast-global-header-display":"","ast-banner-title-visibility":"","ast-main-header-display":"","ast-hfb-above-header-display":"","ast-hfb-below-header-display":"","ast-hfb-mobile-header-display":"","site-post-title":"disabled","ast-breadcrumbs-content":"disabled","ast-featured-img":"disabled","footer-sml-layout":"","theme-transparent-header-meta":"enabled","adv-header-id-meta":"","stick-header-meta":"","header-above-stick-meta":"","header-main-stick-meta":"","header-below-stick-meta":"","astra-migrate-meta-layouts":"default","ast-page-background-enabled":"default","ast-page-background-meta":{"desktop":{"background-color":"","background-image":"","background-repeat":"repeat","background-position":"center center","background-size":"auto","background-attachment":"scroll","background-type":"","background-media":"","overlay-type":"","overlay-color":"","overlay-opacity":"","overlay-gradient":""},"tablet":{"background-color":"","background-image":"","background-repeat":"repeat","background-position":"center center","background-size":"auto","background-attachment":"scroll","background-type":"","background-media":"","overlay-type":"","overlay-color":"","overlay-opacity":"","overlay-gradient":""},"mobile":{"background-color":"","background-image":"","background-repeat":"repeat","background-position":"center center","background-size":"auto","background-attachment":"scroll","background-type":"","background-media":"","overlay-type":"","overlay-color":"","overlay-opacity":"","overlay-gradient":""}},"ast-content-background-meta":{"desktop":{"background-color":"var(--ast-global-color-5)","background-image":"","background-repeat":"repeat","background-position":"center center","background-size":"auto","background-attachment":"scroll","background-type":"","background-media":"","overlay-type":"","overlay-color":"","overlay-opacity":"","overlay-gradient":""},"tablet":{"background-color":"var(--ast-global-color-5)","background-image":"","background-repeat":"repeat","background-position":"center center","background-size":"auto","background-attachment":"scroll","background-type":"","background-media":"","overlay-type":"","overlay-color":"","overlay-opacity":"","overlay-gradient":""},"mobile":{"background-color":"var(--ast-global-color-5)","background-image":"","background-repeat":"repeat","background-position":"center center","background-size":"auto","background-attachment":"scroll","background-type":"","background-media":"","overlay-type":"","overlay-color":"","overlay-opacity":"","overlay-gradient":""}},"_glsr_average":0,"_glsr_ranking":0,"_glsr_reviews":0,"footnotes":""},"class_list":["post-1703","page","type-page","status-publish","hentry"],"yoast_head":"<!-- This site is optimized with the Yoast SEO plugin v26.7 - https:\/\/yoast.com\/wordpress\/plugins\/seo\/ -->\n<title>About us - AmmaCars<\/title>\n<meta name=\"description\" content=\"AmmaCars \u27a4 About us \u2714\ufe0f Transport door-to-door \u2714\ufe0f Do\u015bwiadczenie i terminowo\u015b\u0107 \u2b50 Sprawd\u017a!\" \/>\n<meta name=\"robots\" content=\"index, follow, max-snippet:-1, max-image-preview:large, max-video-preview:-1\" \/>\n<link rel=\"canonical\" href=\"https:\/\/ammacars.pl\/en\/about-us\/\" \/>\n<meta property=\"og:locale\" content=\"en_US\" \/>\n<meta property=\"og:type\" content=\"article\" \/>\n<meta property=\"og:title\" content=\"About us - AmmaCars\" \/>\n<meta property=\"og:description\" content=\"AmmaCars \u27a4 About us \u2714\ufe0f Transport door-to-door \u2714\ufe0f Do\u015bwiadczenie i terminowo\u015b\u0107 \u2b50 Sprawd\u017a!\" \/>\n<meta property=\"og:url\" content=\"https:\/\/ammacars.pl\/en\/about-us\/\" \/>\n<meta property=\"og:site_name\" content=\"AmmaCars\" \/>\n<meta property=\"article:modified_time\" content=\"2025-12-07T12:52:16+00:00\" \/>\n<meta property=\"og:image\" content=\"https:\/\/ammacars.pl\/wp-content\/uploads\/2025\/12\/IMG-20251108-WA0009-e1764688079200.jpg\" \/>\n\t<meta property=\"og:image:width\" content=\"824\" \/>\n\t<meta property=\"og:image:height\" content=\"1075\" \/>\n\t<meta property=\"og:image:type\" content=\"image\/jpeg\" \/>\n<meta name=\"twitter:card\" content=\"summary_large_image\" \/>\n<meta name=\"twitter:label1\" content=\"Est. reading time\" \/>\n\t<meta name=\"twitter:data1\" content=\"1 minute\" \/>\n<script type=\"application\/ld+json\" class=\"yoast-schema-graph\">{\"@context\":\"https:\/\/schema.org\",\"@graph\":[{\"@type\":\"WebPage\",\"@id\":\"https:\/\/ammacars.pl\/en\/about-us\/\",\"url\":\"https:\/\/ammacars.pl\/en\/about-us\/\",\"name\":\"About us - AmmaCars\",\"isPartOf\":{\"@id\":\"https:\/\/ammacars.pl\/en\/#website\"},\"primaryImageOfPage\":{\"@id\":\"https:\/\/ammacars.pl\/en\/about-us\/#primaryimage\"},\"image\":{\"@id\":\"https:\/\/ammacars.pl\/en\/about-us\/#primaryimage\"},\"thumbnailUrl\":\"https:\/\/ammacars.pl\/wp-content\/uploads\/2025\/12\/IMG-20251108-WA0009-e1764688079200-785x1024.jpg\",\"datePublished\":\"2025-12-02T15:10:03+00:00\",\"dateModified\":\"2025-12-07T12:52:16+00:00\",\"description\":\"AmmaCars \u27a4 About us \u2714\ufe0f Transport door-to-door \u2714\ufe0f Do\u015bwiadczenie i terminowo\u015b\u0107 \u2b50 Sprawd\u017a!\",\"breadcrumb\":{\"@id\":\"https:\/\/ammacars.pl\/en\/about-us\/#breadcrumb\"},\"inLanguage\":\"en-US\",\"potentialAction\":[{\"@type\":\"ReadAction\",\"target\":[\"https:\/\/ammacars.pl\/en\/about-us\/\"]}]},{\"@type\":\"ImageObject\",\"inLanguage\":\"en-US\",\"@id\":\"https:\/\/ammacars.pl\/en\/about-us\/#primaryimage\",\"url\":\"https:\/\/ammacars.pl\/wp-content\/uploads\/2025\/12\/IMG-20251108-WA0009-e1764688079200-785x1024.jpg\",\"contentUrl\":\"https:\/\/ammacars.pl\/wp-content\/uploads\/2025\/12\/IMG-20251108-WA0009-e1764688079200-785x1024.jpg\"},{\"@type\":\"BreadcrumbList\",\"@id\":\"https:\/\/ammacars.pl\/en\/about-us\/#breadcrumb\",\"itemListElement\":[{\"@type\":\"ListItem\",\"position\":1,\"name\":\"Strona g\u0142\u00f3wna\",\"item\":\"https:\/\/ammacars.pl\/en\/home\/\"},{\"@type\":\"ListItem\",\"position\":2,\"name\":\"About us\"}]},{\"@type\":\"WebSite\",\"@id\":\"https:\/\/ammacars.pl\/en\/#website\",\"url\":\"https:\/\/ammacars.pl\/en\/\",\"name\":\"Transport samochod\u00f3w Hiszpania\u00a0Portugalia\",\"description\":\"\",\"publisher\":{\"@id\":\"https:\/\/ammacars.pl\/en\/#organization\"},\"potentialAction\":[{\"@type\":\"SearchAction\",\"target\":{\"@type\":\"EntryPoint\",\"urlTemplate\":\"https:\/\/ammacars.pl\/en\/?s={search_term_string}\"},\"query-input\":{\"@type\":\"PropertyValueSpecification\",\"valueRequired\":true,\"valueName\":\"search_term_string\"}}],\"inLanguage\":\"en-US\"},{\"@type\":\"Organization\",\"@id\":\"https:\/\/ammacars.pl\/en\/#organization\",\"name\":\"Transport samochod\u00f3w Hiszpania\u00a0Portugalia\",\"url\":\"https:\/\/ammacars.pl\/en\/\",\"logo\":{\"@type\":\"ImageObject\",\"inLanguage\":\"en-US\",\"@id\":\"https:\/\/ammacars.pl\/en\/#\/schema\/logo\/image\/\",\"url\":\"https:\/\/ammacars.pl\/wp-content\/uploads\/2025\/04\/Logo-biale.png\",\"contentUrl\":\"https:\/\/ammacars.pl\/wp-content\/uploads\/2025\/04\/Logo-biale.png\",\"width\":1472,\"height\":592,\"caption\":\"Transport samochod\u00f3w Hiszpania\u00a0Portugalia\"},\"image\":{\"@id\":\"https:\/\/ammacars.pl\/en\/#\/schema\/logo\/image\/\"}}]}<\/script>\n<!-- \/ Yoast SEO plugin. -->","yoast_head_json":{"title":"About us - AmmaCars","description":"AmmaCars \u27a4 About us \u2714\ufe0f Transport door-to-door \u2714\ufe0f Do\u015bwiadczenie i terminowo\u015b\u0107 \u2b50 Sprawd\u017a!","robots":{"index":"index","follow":"follow","max-snippet":"max-snippet:-1","max-image-preview":"max-image-preview:large","max-video-preview":"max-video-preview:-1"},"canonical":"https:\/\/ammacars.pl\/en\/about-us\/","og_locale":"en_US","og_type":"article","og_title":"About us - AmmaCars","og_description":"AmmaCars \u27a4 About us \u2714\ufe0f Transport door-to-door \u2714\ufe0f Do\u015bwiadczenie i terminowo\u015b\u0107 \u2b50 Sprawd\u017a!","og_url":"https:\/\/ammacars.pl\/en\/about-us\/","og_site_name":"AmmaCars","article_modified_time":"2025-12-07T12:52:16+00:00","og_image":[{"width":824,"height":1075,"url":"https:\/\/ammacars.pl\/wp-content\/uploads\/2025\/12\/IMG-20251108-WA0009-e1764688079200.jpg","type":"image\/jpeg"}],"twitter_card":"summary_large_image","twitter_misc":{"Est. reading time":"1 minute"},"schema":{"@context":"https:\/\/schema.org","@graph":[{"@type":"WebPage","@id":"https:\/\/ammacars.pl\/en\/about-us\/","url":"https:\/\/ammacars.pl\/en\/about-us\/","name":"About us - AmmaCars","isPartOf":{"@id":"https:\/\/ammacars.pl\/en\/#website"},"primaryImageOfPage":{"@id":"https:\/\/ammacars.pl\/en\/about-us\/#primaryimage"},"image":{"@id":"https:\/\/ammacars.pl\/en\/about-us\/#primaryimage"},"thumbnailUrl":"https:\/\/ammacars.pl\/wp-content\/uploads\/2025\/12\/IMG-20251108-WA0009-e1764688079200-785x1024.jpg","datePublished":"2025-12-02T15:10:03+00:00","dateModified":"2025-12-07T12:52:16+00:00","description":"AmmaCars \u27a4 About us \u2714\ufe0f Transport door-to-door \u2714\ufe0f Do\u015bwiadczenie i terminowo\u015b\u0107 \u2b50 Sprawd\u017a!","breadcrumb":{"@id":"https:\/\/ammacars.pl\/en\/about-us\/#breadcrumb"},"inLanguage":"en-US","potentialAction":[{"@type":"ReadAction","target":["https:\/\/ammacars.pl\/en\/about-us\/"]}]},{"@type":"ImageObject","inLanguage":"en-US","@id":"https:\/\/ammacars.pl\/en\/about-us\/#primaryimage","url":"https:\/\/ammacars.pl\/wp-content\/uploads\/2025\/12\/IMG-20251108-WA0009-e1764688079200-785x1024.jpg","contentUrl":"https:\/\/ammacars.pl\/wp-content\/uploads\/2025\/12\/IMG-20251108-WA0009-e1764688079200-785x1024.jpg"},{"@type":"BreadcrumbList","@id":"https:\/\/ammacars.pl\/en\/about-us\/#breadcrumb","itemListElement":[{"@type":"ListItem","position":1,"name":"Strona g\u0142\u00f3wna","item":"https:\/\/ammacars.pl\/en\/home\/"},{"@type":"ListItem","position":2,"name":"About us"}]},{"@type":"WebSite","@id":"https:\/\/ammacars.pl\/en\/#website","url":"https:\/\/ammacars.pl\/en\/","name":"Transport samochod\u00f3w Hiszpania\u00a0Portugalia","description":"","publisher":{"@id":"https:\/\/ammacars.pl\/en\/#organization"},"potentialAction":[{"@type":"SearchAction","target":{"@type":"EntryPoint","urlTemplate":"https:\/\/ammacars.pl\/en\/?s={search_term_string}"},"query-input":{"@type":"PropertyValueSpecification","valueRequired":true,"valueName":"search_term_string"}}],"inLanguage":"en-US"},{"@type":"Organization","@id":"https:\/\/ammacars.pl\/en\/#organization","name":"Transport samochod\u00f3w Hiszpania\u00a0Portugalia","url":"https:\/\/ammacars.pl\/en\/","logo":{"@type":"ImageObject","inLanguage":"en-US","@id":"https:\/\/ammacars.pl\/en\/#\/schema\/logo\/image\/","url":"https:\/\/ammacars.pl\/wp-content\/uploads\/2025\/04\/Logo-biale.png","contentUrl":"https:\/\/ammacars.pl\/wp-content\/uploads\/2025\/04\/Logo-biale.png","width":1472,"height":592,"caption":"Transport samochod\u00f3w Hiszpania\u00a0Portugalia"},"image":{"@id":"https:\/\/ammacars.pl\/en\/#\/schema\/logo\/image\/"}}]}},"_links":{"self":[{"href":"https:\/\/ammacars.pl\/en\/wp-json\/wp\/v2\/pages\/1703","targetHints":{"allow":["GET"]}}],"collection":[{"href":"https:\/\/ammacars.pl\/en\/wp-json\/wp\/v2\/pages"}],"about":[{"href":"https:\/\/ammacars.pl\/en\/wp-json\/wp\/v2\/types\/page"}],"author":[{"embeddable":true,"href":"https:\/\/ammacars.pl\/en\/wp-json\/wp\/v2\/users\/1"}],"replies":[{"embeddable":true,"href":"https:\/\/ammacars.pl\/en\/wp-json\/wp\/v2\/comments?post=1703"}],"version-history":[{"count":2,"href":"https:\/\/ammacars.pl\/en\/wp-json\/wp\/v2\/pages\/1703\/revisions"}],"predecessor-version":[{"id":1777,"href":"https:\/\/ammacars.pl\/en\/wp-json\/wp\/v2\/pages\/1703\/revisions\/1777"}],"wp:attachment":[{"href":"https:\/\/ammacars.pl\/en\/wp-json\/wp\/v2\/media?parent=1703"}],"curies":[{"name":"wp","href":"https:\/\/api.w.org\/{rel}","templated":true}]}}