{"id":1412,"date":"2025-04-06T10:04:10","date_gmt":"2025-04-06T10:04:10","guid":{"rendered":"https:\/\/ammacars.pl\/opiniones\/"},"modified":"2025-05-15T12:52:02","modified_gmt":"2025-05-15T12:52:02","slug":"opiniones","status":"publish","type":"page","link":"https:\/\/ammacars.pl\/es\/opiniones\/","title":{"rendered":"Opiniones"},"content":{"rendered":"\t\t<div data-elementor-type=\"wp-page\" data-elementor-id=\"1412\" class=\"elementor elementor-1412\">\n\t\t\t\t<div class=\"elementor-element elementor-element-cfd4cfe e-flex e-con-boxed e-con e-parent\" data-id=\"cfd4cfe\" data-element_type=\"container\" data-settings=\"{&quot;background_background&quot;:&quot;classic&quot;}\">\n\t\t\t\t\t<div class=\"e-con-inner\">\n\t\t<div class=\"elementor-element elementor-element-4594d91 e-con-full e-flex e-con e-child\" data-id=\"4594d91\" data-element_type=\"container\">\n\t\t<div class=\"elementor-element elementor-element-ebc0b8c e-con-full e-flex e-con e-child\" data-id=\"ebc0b8c\" data-element_type=\"container\">\n\t\t<div class=\"elementor-element elementor-element-b672023 e-con-full e-flex e-con e-child\" data-id=\"b672023\" data-element_type=\"container\">\n\t\t\t\t<div class=\"elementor-element elementor-element-742d4a5 elementor-widget elementor-widget-heading\" data-id=\"742d4a5\" data-element_type=\"widget\" data-widget_type=\"heading.default\">\n\t\t\t\t<div class=\"elementor-widget-container\">\n\t\t\t\t\t<h1 class=\"elementor-heading-title elementor-size-default\">Opiniones<\/h1>\t\t\t\t<\/div>\n\t\t\t\t<\/div>\n\t\t\t\t<\/div>\n\t\t\t\t<\/div>\n\t\t\t\t<\/div>\n\t\t\t\t\t<\/div>\n\t\t\t\t<\/div>\n\t\t<div class=\"elementor-element elementor-element-2f59167 e-flex e-con-boxed e-con e-parent\" data-id=\"2f59167\" data-element_type=\"container\">\n\t\t\t\t\t<div class=\"e-con-inner\">\n\t\t<div class=\"elementor-element elementor-element-0f74245 e-con-full e-flex e-con e-child\" data-id=\"0f74245\" data-element_type=\"container\">\n\t\t\t\t<div class=\"elementor-element elementor-element-54790ea elementor-widget elementor-widget-site_reviews_form\" data-id=\"54790ea\" data-element_type=\"widget\" data-widget_type=\"site_reviews_form.default\">\n\t\t\t\t<div class=\"elementor-widget-container\">\n\t\t\t\t\t<div class=\"glsr glsr-contact_form_7\" id=\"glsr_bd46e8b4\" data-from=\"elementor\" data-shortcode=\"site_reviews_form\"><div class=\"wpcf7\">\n    <div class=\"glsr-form-wrap\">\n        <form class=\"glsr-review-form glsr-form wpcf7-form\" method=\"post\" enctype=\"multipart\/form-data\">\n            <input type=\"hidden\" name=\"site-reviews[_action]\" value=\"submit-review\" \/>\n<input type=\"hidden\" name=\"site-reviews[_nonce]\" value=\"31d84f3c73\" \/>\n<input type=\"hidden\" name=\"site-reviews[_post_id]\" value=\"1412\" \/>\n<input type=\"hidden\" name=\"site-reviews[_referer]\" value=\"\" \/>\n<input type=\"hidden\" name=\"site-reviews[assigned_posts]\" value=\"\" \/>\n<input type=\"hidden\" name=\"site-reviews[assigned_terms]\" value=\"\" \/>\n<input type=\"hidden\" name=\"site-reviews[assigned_users]\" value=\"\" \/>\n<input type=\"hidden\" name=\"site-reviews[excluded]\" value=\"\" \/>\n<input type=\"hidden\" name=\"site-reviews[form_id]\" value=\"glsr_bd46e8b4\" \/>\n<input type=\"hidden\" name=\"site-reviews[terms_exist]\" value=\"1\" \/>\n<input type=\"hidden\" name=\"site-reviews[form_signature]\" value=\"OEZdxwnVoQJsWbqQocHv3Xz1EFdh-UqLMidhpfBCXWtj8PbzGbCH_c83d3Z2bXPSpcRb5axK-LSx_BxOqOI3TUwW1F4CqwKns5rQe1095tZ-O9nX5YaRpDWzuMfGYCK1ChYXR2VBzWgO7T_OpD0eZmCasWCblfXMd5GdGOMhYb_a9rmkoV_V7GqbAjIyvq8fO3sForn0DLOtOUGRphsXerTzXAWr2T2p-nP7IHb4RivUwzkI_CatVhzCXjWGRA4oOLYF1CXZwutpQF2fB9aFjv3NIO4O7KJWBoyHjgAf-BbD8TEqRwNTcV9NAjUf4Ri9v1HoDvLIMx2wqzDf5iU0GTQxuqr63s-jJjH7VwCthCTTjAHlbp-KGwQnnZaHM6EwZHSgSZHBOr6tMy8NrXGPk3OtX3A\" \/>\n<div class=\"glsr-field\" style=\"display:none;\"><label for=\"site-reviews-abd4c2c2-glsr_bd46e8b4\">Tu rese\u00f1a<\/label><input type=\"text\" class=\"glsr-input glsr-input-text\" id=\"site-reviews-abd4c2c2-glsr_bd46e8b4\" name=\"site-reviews[abd4c2c2]\" value=\"\" \/><\/div>\n<p class=\"glsr-field glsr-field-rating glsr-required\" data-field=\"rating\">\n    <label for=\"glsr_bd46e8b4-rating\">\n        Tu puntuaci\u00f3n global<br>\n        <span class=\"wpcf7-form-control-wrap\">\n            <select class=\"wpcf7-form-control wpcf7-select browser-default disable-select no_wrap no-wrap glsr-select\" id=\"glsr_bd46e8b4-rating\" name=\"site-reviews[rating]\" required><option value=\"\">Selecciona una clasificaci\u00f3n<\/option><option value=\"5\">5 estrellas<\/option><option value=\"4\">4 estrellas<\/option><option value=\"3\">3 estrellas<\/option><option value=\"2\">2 estrellas<\/option><option value=\"1\">1 estrella<\/option><\/select>\n            <span class=\"glsr-field-error wpcf7-not-valid-tip\"><\/span>\n        <\/span>\n    <\/label>\n<\/p>\n<p class=\"glsr-field glsr-field-text\" data-field=\"title\">\n    <label for=\"glsr_bd46e8b4-title\">\n        T\u00edtulo de tu rese\u00f1a<br>\n        <span class=\"wpcf7-form-control-wrap\">\n            <input type=\"text\" class=\"wpcf7-form-control glsr-input glsr-input-text\" id=\"glsr_bd46e8b4-title\" name=\"site-reviews[title]\" placeholder=\"Resume tu rese\u00f1a o resalta un detalle interesante\" value=\"\" \/>\n            <span class=\"glsr-field-error wpcf7-not-valid-tip\"><\/span>\n        <\/span>\n    <\/label>\n<\/p>\n<p class=\"glsr-field glsr-field-textarea glsr-required\" data-field=\"content\">\n    <label for=\"glsr_bd46e8b4-content\">\n        Tu rese\u00f1a<br>\n        <span class=\"wpcf7-form-control-wrap\">\n            <textarea class=\"wpcf7-form-control wpcf7-textarea glsr-textarea\" id=\"glsr_bd46e8b4-content\" name=\"site-reviews[content]\" required placeholder=\"Comparte tu opini\u00f3n\" rows=\"5\"><\/textarea>\n            <span class=\"glsr-field-error wpcf7-not-valid-tip\"><\/span>\n        <\/span>\n    <\/label>\n<\/p>\n<p class=\"glsr-field glsr-field-text glsr-required\" data-field=\"name\">\n    <label for=\"glsr_bd46e8b4-name\">\n        Tu nombre<br>\n        <span class=\"wpcf7-form-control-wrap\">\n            <input type=\"text\" class=\"wpcf7-form-control glsr-input glsr-input-text\" id=\"glsr_bd46e8b4-name\" name=\"site-reviews[name]\" required placeholder=\"Dinos tu nombre\" value=\"\" \/>\n            <span class=\"glsr-field-error wpcf7-not-valid-tip\"><\/span>\n        <\/span>\n    <\/label>\n<\/p>\n<p class=\"glsr-field glsr-field-email\" data-field=\"email\">\n    <label for=\"glsr_bd46e8b4-email\">\n        Tu correo electr\u00f3nico<br>\n        <span class=\"wpcf7-form-control-wrap\">\n            <input type=\"email\" class=\"wpcf7-form-control glsr-input glsr-input-email\" id=\"glsr_bd46e8b4-email\" name=\"site-reviews[email]\" placeholder=\"Dinos tu email\" value=\"\" \/>\n            <span class=\"glsr-field-error wpcf7-not-valid-tip\"><\/span>\n        <\/span>\n    <\/label>\n<\/p>\n<p class=\"glsr-field glsr-field-choice\" data-field=\"terms\">\n    \n    <span class=\"glsr-field-toggle\">\n    <span class=\"glsr-toggle\">\n        <label for=\"glsr_bd46e8b4-terms-1\">Esta rese\u00f1a se basa en mi propia experiencia y es mi opini\u00f3n genuina.<\/label>\n        <span class=\"glsr-toggle-switch\">\n            <input type=\"checkbox\" class=\"glsr-input-toggle\" id=\"glsr_bd46e8b4-terms-1\" name=\"site-reviews[terms]\" value=\"1\" \/> &#8203; <!-- zero-space character used for alignment -->\n            <span class=\"glsr-toggle-track\"><\/span>\n        <\/span>\n    <\/span>\n<\/span>\n    <span class=\"glsr-field-error wpcf7-not-valid-tip\"><\/span>\n<\/p>\n            <p data-field=\"submit-button\">\n    <button type=\"submit\" class=\"glsr-button wp-block-button__link wpcf7-form-control wpcf7-submit button\" aria-busy=\"false\" data-loading=\"Enviando, por favor espera...\">Enviar una rese\u00f1a<\/button>\n<\/p>\n            <div class=\"glsr-form-message wpcf7-response-output wpcf7-display-none\">\n    \n<\/div>\n        <\/form>\n    <\/div>\n<\/div><\/div>\t\t\t\t<\/div>\n\t\t\t\t<\/div>\n\t\t\t\t<\/div>\n\t\t<div class=\"elementor-element elementor-element-a2b9c92 e-con-full e-flex e-con e-child\" data-id=\"a2b9c92\" data-element_type=\"container\">\n\t\t\t\t<div class=\"elementor-element elementor-element-e59608e elementor-widget elementor-widget-site_reviews\" data-id=\"e59608e\" data-element_type=\"widget\" data-widget_type=\"site_reviews.default\">\n\t\t\t\t<div class=\"elementor-widget-container\">\n\t\t\t\t\t<div class=\"glsr glsr-contact_form_7\" id=\"glsr_e30c08a5\" data-from=\"elementor\" data-shortcode=\"site_reviews\" data-display=\"10\"><div class=\"glsr-reviews-wrap\">\n    <div class=\"glsr-reviews\">\n        <p class=\"glsr-no-margins\">A\u00fan no hay opiniones. S\u00e9 el primero en escribir una. <\/p>\n    <\/div>\n    \n<\/div><\/div>\t\t\t\t<\/div>\n\t\t\t\t<\/div>\n\t\t\t\t<\/div>\n\t\t\t\t\t<\/div>\n\t\t\t\t<\/div>\n\t\t\t\t<\/div>\n\t\t","protected":false},"excerpt":{"rendered":"<p>Opiniones Your review Your overall rating Select a Rating5 Stars4 Stars3 Stars2 Stars1 Star Title of your review Your review Your name Your email This review is based on my own experience and is my genuine opinion. &#8203; Submit Review There are no reviews yet. Be the first one to write one.<\/p>\n","protected":false},"author":1,"featured_media":0,"parent":0,"menu_order":0,"comment_status":"closed","ping_status":"closed","template":"","meta":{"site-sidebar-layout":"no-sidebar","site-content-layout":"page-builder","ast-site-content-layout":"","site-content-style":"default","site-sidebar-style":"default","ast-global-header-display":"","ast-banner-title-visibility":"","ast-main-header-display":"","ast-hfb-above-header-display":"","ast-hfb-below-header-display":"","ast-hfb-mobile-header-display":"","site-post-title":"disabled","ast-breadcrumbs-content":"disabled","ast-featured-img":"disabled","footer-sml-layout":"","theme-transparent-header-meta":"enabled","adv-header-id-meta":"","stick-header-meta":"","header-above-stick-meta":"","header-main-stick-meta":"","header-below-stick-meta":"","astra-migrate-meta-layouts":"default","ast-page-background-enabled":"default","ast-page-background-meta":{"desktop":{"background-color":"","background-image":"","background-repeat":"repeat","background-position":"center center","background-size":"auto","background-attachment":"scroll","background-type":"","background-media":"","overlay-type":"","overlay-color":"","overlay-opacity":"","overlay-gradient":""},"tablet":{"background-color":"","background-image":"","background-repeat":"repeat","background-position":"center center","background-size":"auto","background-attachment":"scroll","background-type":"","background-media":"","overlay-type":"","overlay-color":"","overlay-opacity":"","overlay-gradient":""},"mobile":{"background-color":"","background-image":"","background-repeat":"repeat","background-position":"center center","background-size":"auto","background-attachment":"scroll","background-type":"","background-media":"","overlay-type":"","overlay-color":"","overlay-opacity":"","overlay-gradient":""}},"ast-content-background-meta":{"desktop":{"background-color":"var(--ast-global-color-5)","background-image":"","background-repeat":"repeat","background-position":"center center","background-size":"auto","background-attachment":"scroll","background-type":"","background-media":"","overlay-type":"","overlay-color":"","overlay-opacity":"","overlay-gradient":""},"tablet":{"background-color":"var(--ast-global-color-5)","background-image":"","background-repeat":"repeat","background-position":"center center","background-size":"auto","background-attachment":"scroll","background-type":"","background-media":"","overlay-type":"","overlay-color":"","overlay-opacity":"","overlay-gradient":""},"mobile":{"background-color":"var(--ast-global-color-5)","background-image":"","background-repeat":"repeat","background-position":"center center","background-size":"auto","background-attachment":"scroll","background-type":"","background-media":"","overlay-type":"","overlay-color":"","overlay-opacity":"","overlay-gradient":""}},"_glsr_average":0,"_glsr_ranking":0,"_glsr_reviews":0,"footnotes":""},"class_list":["post-1412","page","type-page","status-publish","hentry"],"yoast_head":"<!-- This site is optimized with the Yoast SEO plugin v26.7 - https:\/\/yoast.com\/wordpress\/plugins\/seo\/ -->\n<title>Opiniones - AmmaCars<\/title>\n<meta name=\"description\" content=\"AmmaCars \u27a4 Opiniones \u2714\ufe0f Transport door-to-door \u2714\ufe0f Do\u015bwiadczenie i terminowo\u015b\u0107 \u2b50 Sprawd\u017a!\" \/>\n<meta name=\"robots\" content=\"index, follow, max-snippet:-1, max-image-preview:large, max-video-preview:-1\" \/>\n<link rel=\"canonical\" href=\"https:\/\/ammacars.pl\/es\/opiniones\/\" \/>\n<meta property=\"og:locale\" content=\"es_ES\" \/>\n<meta property=\"og:type\" content=\"article\" \/>\n<meta property=\"og:title\" content=\"Opiniones - AmmaCars\" \/>\n<meta property=\"og:description\" content=\"AmmaCars \u27a4 Opiniones \u2714\ufe0f Transport door-to-door \u2714\ufe0f Do\u015bwiadczenie i terminowo\u015b\u0107 \u2b50 Sprawd\u017a!\" \/>\n<meta property=\"og:url\" content=\"https:\/\/ammacars.pl\/es\/opiniones\/\" \/>\n<meta property=\"og:site_name\" content=\"AmmaCars\" \/>\n<meta property=\"article:modified_time\" content=\"2025-05-15T12:52:02+00:00\" \/>\n<meta name=\"twitter:card\" content=\"summary_large_image\" \/>\n<script type=\"application\/ld+json\" class=\"yoast-schema-graph\">{\"@context\":\"https:\/\/schema.org\",\"@graph\":[{\"@type\":\"WebPage\",\"@id\":\"https:\/\/ammacars.pl\/es\/opiniones\/\",\"url\":\"https:\/\/ammacars.pl\/es\/opiniones\/\",\"name\":\"Opiniones - AmmaCars\",\"isPartOf\":{\"@id\":\"https:\/\/ammacars.pl\/es\/#website\"},\"datePublished\":\"2025-04-06T10:04:10+00:00\",\"dateModified\":\"2025-05-15T12:52:02+00:00\",\"description\":\"AmmaCars \u27a4 Opiniones \u2714\ufe0f Transport door-to-door \u2714\ufe0f Do\u015bwiadczenie i terminowo\u015b\u0107 \u2b50 Sprawd\u017a!\",\"breadcrumb\":{\"@id\":\"https:\/\/ammacars.pl\/es\/opiniones\/#breadcrumb\"},\"inLanguage\":\"es\",\"potentialAction\":[{\"@type\":\"ReadAction\",\"target\":[\"https:\/\/ammacars.pl\/es\/opiniones\/\"]}]},{\"@type\":\"BreadcrumbList\",\"@id\":\"https:\/\/ammacars.pl\/es\/opiniones\/#breadcrumb\",\"itemListElement\":[{\"@type\":\"ListItem\",\"position\":1,\"name\":\"Strona g\u0142\u00f3wna\",\"item\":\"https:\/\/ammacars.pl\/es\/inicio\/\"},{\"@type\":\"ListItem\",\"position\":2,\"name\":\"Opiniones\"}]},{\"@type\":\"WebSite\",\"@id\":\"https:\/\/ammacars.pl\/es\/#website\",\"url\":\"https:\/\/ammacars.pl\/es\/\",\"name\":\"Transport samochod\u00f3w Hiszpania\u00a0Portugalia\",\"description\":\"\",\"publisher\":{\"@id\":\"https:\/\/ammacars.pl\/es\/#organization\"},\"potentialAction\":[{\"@type\":\"SearchAction\",\"target\":{\"@type\":\"EntryPoint\",\"urlTemplate\":\"https:\/\/ammacars.pl\/es\/?s={search_term_string}\"},\"query-input\":{\"@type\":\"PropertyValueSpecification\",\"valueRequired\":true,\"valueName\":\"search_term_string\"}}],\"inLanguage\":\"es\"},{\"@type\":\"Organization\",\"@id\":\"https:\/\/ammacars.pl\/es\/#organization\",\"name\":\"Transport samochod\u00f3w Hiszpania\u00a0Portugalia\",\"url\":\"https:\/\/ammacars.pl\/es\/\",\"logo\":{\"@type\":\"ImageObject\",\"inLanguage\":\"es\",\"@id\":\"https:\/\/ammacars.pl\/es\/#\/schema\/logo\/image\/\",\"url\":\"https:\/\/ammacars.pl\/wp-content\/uploads\/2025\/04\/Logo-biale.png\",\"contentUrl\":\"https:\/\/ammacars.pl\/wp-content\/uploads\/2025\/04\/Logo-biale.png\",\"width\":1472,\"height\":592,\"caption\":\"Transport samochod\u00f3w Hiszpania\u00a0Portugalia\"},\"image\":{\"@id\":\"https:\/\/ammacars.pl\/es\/#\/schema\/logo\/image\/\"}}]}<\/script>\n<!-- \/ Yoast SEO plugin. -->","yoast_head_json":{"title":"Opiniones - AmmaCars","description":"AmmaCars \u27a4 Opiniones \u2714\ufe0f Transport door-to-door \u2714\ufe0f Do\u015bwiadczenie i terminowo\u015b\u0107 \u2b50 Sprawd\u017a!","robots":{"index":"index","follow":"follow","max-snippet":"max-snippet:-1","max-image-preview":"max-image-preview:large","max-video-preview":"max-video-preview:-1"},"canonical":"https:\/\/ammacars.pl\/es\/opiniones\/","og_locale":"es_ES","og_type":"article","og_title":"Opiniones - AmmaCars","og_description":"AmmaCars \u27a4 Opiniones \u2714\ufe0f Transport door-to-door \u2714\ufe0f Do\u015bwiadczenie i terminowo\u015b\u0107 \u2b50 Sprawd\u017a!","og_url":"https:\/\/ammacars.pl\/es\/opiniones\/","og_site_name":"AmmaCars","article_modified_time":"2025-05-15T12:52:02+00:00","twitter_card":"summary_large_image","schema":{"@context":"https:\/\/schema.org","@graph":[{"@type":"WebPage","@id":"https:\/\/ammacars.pl\/es\/opiniones\/","url":"https:\/\/ammacars.pl\/es\/opiniones\/","name":"Opiniones - AmmaCars","isPartOf":{"@id":"https:\/\/ammacars.pl\/es\/#website"},"datePublished":"2025-04-06T10:04:10+00:00","dateModified":"2025-05-15T12:52:02+00:00","description":"AmmaCars \u27a4 Opiniones \u2714\ufe0f Transport door-to-door \u2714\ufe0f Do\u015bwiadczenie i terminowo\u015b\u0107 \u2b50 Sprawd\u017a!","breadcrumb":{"@id":"https:\/\/ammacars.pl\/es\/opiniones\/#breadcrumb"},"inLanguage":"es","potentialAction":[{"@type":"ReadAction","target":["https:\/\/ammacars.pl\/es\/opiniones\/"]}]},{"@type":"BreadcrumbList","@id":"https:\/\/ammacars.pl\/es\/opiniones\/#breadcrumb","itemListElement":[{"@type":"ListItem","position":1,"name":"Strona g\u0142\u00f3wna","item":"https:\/\/ammacars.pl\/es\/inicio\/"},{"@type":"ListItem","position":2,"name":"Opiniones"}]},{"@type":"WebSite","@id":"https:\/\/ammacars.pl\/es\/#website","url":"https:\/\/ammacars.pl\/es\/","name":"Transport samochod\u00f3w Hiszpania\u00a0Portugalia","description":"","publisher":{"@id":"https:\/\/ammacars.pl\/es\/#organization"},"potentialAction":[{"@type":"SearchAction","target":{"@type":"EntryPoint","urlTemplate":"https:\/\/ammacars.pl\/es\/?s={search_term_string}"},"query-input":{"@type":"PropertyValueSpecification","valueRequired":true,"valueName":"search_term_string"}}],"inLanguage":"es"},{"@type":"Organization","@id":"https:\/\/ammacars.pl\/es\/#organization","name":"Transport samochod\u00f3w Hiszpania\u00a0Portugalia","url":"https:\/\/ammacars.pl\/es\/","logo":{"@type":"ImageObject","inLanguage":"es","@id":"https:\/\/ammacars.pl\/es\/#\/schema\/logo\/image\/","url":"https:\/\/ammacars.pl\/wp-content\/uploads\/2025\/04\/Logo-biale.png","contentUrl":"https:\/\/ammacars.pl\/wp-content\/uploads\/2025\/04\/Logo-biale.png","width":1472,"height":592,"caption":"Transport samochod\u00f3w Hiszpania\u00a0Portugalia"},"image":{"@id":"https:\/\/ammacars.pl\/es\/#\/schema\/logo\/image\/"}}]}},"_links":{"self":[{"href":"https:\/\/ammacars.pl\/es\/wp-json\/wp\/v2\/pages\/1412","targetHints":{"allow":["GET"]}}],"collection":[{"href":"https:\/\/ammacars.pl\/es\/wp-json\/wp\/v2\/pages"}],"about":[{"href":"https:\/\/ammacars.pl\/es\/wp-json\/wp\/v2\/types\/page"}],"author":[{"embeddable":true,"href":"https:\/\/ammacars.pl\/es\/wp-json\/wp\/v2\/users\/1"}],"replies":[{"embeddable":true,"href":"https:\/\/ammacars.pl\/es\/wp-json\/wp\/v2\/comments?post=1412"}],"version-history":[{"count":1,"href":"https:\/\/ammacars.pl\/es\/wp-json\/wp\/v2\/pages\/1412\/revisions"}],"predecessor-version":[{"id":1425,"href":"https:\/\/ammacars.pl\/es\/wp-json\/wp\/v2\/pages\/1412\/revisions\/1425"}],"wp:attachment":[{"href":"https:\/\/ammacars.pl\/es\/wp-json\/wp\/v2\/media?parent=1412"}],"curies":[{"name":"wp","href":"https:\/\/api.w.org\/{rel}","templated":true}]}}