{"id":1427,"date":"2025-05-14T11:33:15","date_gmt":"2025-05-14T11:33:15","guid":{"rendered":"https:\/\/ammacars.pl\/politica-de-cookies\/"},"modified":"2025-05-15T12:52:07","modified_gmt":"2025-05-15T12:52:07","slug":"politica-de-cookies","status":"publish","type":"page","link":"https:\/\/ammacars.pl\/es\/politica-de-cookies\/","title":{"rendered":"Pol\u00edtica de cookies"},"content":{"rendered":"\n<p><strong>Pol\u00edtica de cookies del sitio web <\/strong><a href=\"http:\/\/www.ammacars.pl\"><strong>www.ammacars.pl<\/strong><\/a><\/p>\n\n<p><strong>En vigor desde: 14.05.2025r.<\/strong><\/p>\n\n<hr class=\"wp-block-separator has-alpha-channel-opacity\"\/>\n\n<p><strong>\u00a71 Informaci\u00f3n general <\/strong><\/p>\n\n<ol start=\"1\" class=\"wp-block-list\">\n<li>El sitio web <a href=\"http:\/\/www.ammacars.pl\">www.ammacars.pl<\/a> utiliza cookies para garantizar que el sitio web funciona correctamente y para mejorar la experiencia del usuario.<\/li>\n\n\n\n<li>Las cookies son peque\u00f1os archivos de texto que se almacenan en el equipo terminal del usuario y que pueden ser le\u00eddos por el sistema inform\u00e1tico del sitio web.<\/li>\n<\/ol>\n\n<hr class=\"wp-block-separator has-alpha-channel-opacity\"\/>\n\n<p><strong>\u00a72 Finalidad de las cookies <\/strong><\/p>\n\n<p>Las cookies se utilizan para los siguientes fines:<\/p>\n\n<ul class=\"wp-block-list\">\n<li>para garantizar el correcto funcionamiento del sitio web (las denominadas cookies t\u00e9cnicas),<\/li>\n\n\n\n<li>para mantener estad\u00edsticas an\u00f3nimas de visitantes (por ejemplo, Google Analytics),<\/li>\n\n\n\n<li>para recordar las preferencias del usuario (por ejemplo, idioma, consentimiento de cookies).<\/li>\n<\/ul>\n\n<hr class=\"wp-block-separator has-alpha-channel-opacity\"\/>\n\n<p><strong>\u00a73 Tipos de cookies utilizadas <\/strong><\/p>\n\n<p>El sitio web puede utilizar los siguientes tipos de cookies:<\/p>\n\n<ul class=\"wp-block-list\">\n<li><strong>Basado en la sesi\u00f3n<\/strong>: se elimina cuando finaliza la sesi\u00f3n del navegador,<\/li>\n\n\n\n<li><strong>Permanente<\/strong>: se almacena durante un periodo de tiempo determinado o hasta que el usuario lo elimine,<\/li>\n\n\n\n<li><strong>Terceros<\/strong> - por ejemplo, Google, Meta (Facebook), si el servicio utiliza herramientas anal\u00edticas o de redes sociales. <\/li>\n<\/ul>\n\n<hr class=\"wp-block-separator has-alpha-channel-opacity\"\/>\n\n<p><strong>\u00a74 Consentimiento para cookies <\/strong><\/p>\n\n<ol start=\"1\" class=\"wp-block-list\">\n<li>En tu primera visita al sitio web, recibir\u00e1s un mensaje sobre el uso de cookies.<\/li>\n\n\n\n<li>El usuario puede aceptar todas las cookies o ajustar su configuraci\u00f3n.<\/li>\n\n\n\n<li>Al utilizar el sitio web sin cambiar la configuraci\u00f3n de tu navegador, consientes el almacenamiento de cookies en tu dispositivo terminal.<\/li>\n<\/ol>\n\n<hr class=\"wp-block-separator has-alpha-channel-opacity\"\/>\n\n<p><strong>\u00a75 Gesti\u00f3n de cookies <\/strong><\/p>\n\n<p>El propio usuario puede gestionar las cookies a trav\u00e9s de la configuraci\u00f3n del navegador:<\/p>\n\n<ul class=\"wp-block-list\">\n<li>bloquear el almacenamiento autom\u00e1tico de cookies,<\/li>\n\n\n\n<li>eliminar las cookies existentes.<\/li>\n<\/ul>\n\n<p><\/p>\n\n<hr class=\"wp-block-separator has-alpha-channel-opacity\"\/>\n\n<p><strong>\u00a76 Cambios en la pol\u00edtica de cookies <\/strong><\/p>\n\n<p>El administrador se reserva el derecho a realizar cambios en esta pol\u00edtica. La versi\u00f3n actual estar\u00e1 siempre disponible en el sitio web. <\/p>\n","protected":false},"excerpt":{"rendered":"<p>Pol\u00edtica de cookies del sitio web www.ammacars.pl En vigor desde: 14.05.2025r. \u00a71 Informaci\u00f3n general \u00a72 Finalidad de las cookies Las cookies se utilizan para los siguientes fines: \u00a73 Tipos de cookies utilizadas El sitio web puede utilizar los siguientes tipos de cookies: \u00a74 Consentimiento para cookies \u00a75 Gesti\u00f3n de cookies El propio usuario puede gestionar [&hellip;]<\/p>\n","protected":false},"author":1,"featured_media":0,"parent":0,"menu_order":0,"comment_status":"closed","ping_status":"closed","template":"","meta":{"site-sidebar-layout":"default","site-content-layout":"","ast-site-content-layout":"default","site-content-style":"default","site-sidebar-style":"default","ast-global-header-display":"","ast-banner-title-visibility":"","ast-main-header-display":"","ast-hfb-above-header-display":"","ast-hfb-below-header-display":"","ast-hfb-mobile-header-display":"","site-post-title":"","ast-breadcrumbs-content":"","ast-featured-img":"","footer-sml-layout":"","theme-transparent-header-meta":"","adv-header-id-meta":"","stick-header-meta":"","header-above-stick-meta":"","header-main-stick-meta":"","header-below-stick-meta":"","astra-migrate-meta-layouts":"default","ast-page-background-enabled":"default","ast-page-background-meta":{"desktop":{"background-color":"","background-image":"","background-repeat":"repeat","background-position":"center center","background-size":"auto","background-attachment":"scroll","background-type":"","background-media":"","overlay-type":"","overlay-color":"","overlay-opacity":"","overlay-gradient":""},"tablet":{"background-color":"","background-image":"","background-repeat":"repeat","background-position":"center center","background-size":"auto","background-attachment":"scroll","background-type":"","background-media":"","overlay-type":"","overlay-color":"","overlay-opacity":"","overlay-gradient":""},"mobile":{"background-color":"","background-image":"","background-repeat":"repeat","background-position":"center center","background-size":"auto","background-attachment":"scroll","background-type":"","background-media":"","overlay-type":"","overlay-color":"","overlay-opacity":"","overlay-gradient":""}},"ast-content-background-meta":{"desktop":{"background-color":"var(--ast-global-color-5)","background-image":"","background-repeat":"repeat","background-position":"center center","background-size":"auto","background-attachment":"scroll","background-type":"","background-media":"","overlay-type":"","overlay-color":"","overlay-opacity":"","overlay-gradient":""},"tablet":{"background-color":"var(--ast-global-color-5)","background-image":"","background-repeat":"repeat","background-position":"center center","background-size":"auto","background-attachment":"scroll","background-type":"","background-media":"","overlay-type":"","overlay-color":"","overlay-opacity":"","overlay-gradient":""},"mobile":{"background-color":"var(--ast-global-color-5)","background-image":"","background-repeat":"repeat","background-position":"center center","background-size":"auto","background-attachment":"scroll","background-type":"","background-media":"","overlay-type":"","overlay-color":"","overlay-opacity":"","overlay-gradient":""}},"_glsr_average":0,"_glsr_ranking":0,"_glsr_reviews":0,"footnotes":""},"class_list":["post-1427","page","type-page","status-publish","hentry"],"yoast_head":"<!-- This site is optimized with the Yoast SEO plugin v26.7 - https:\/\/yoast.com\/wordpress\/plugins\/seo\/ -->\n<title>Pol\u00edtica de cookies - AmmaCars<\/title>\n<meta name=\"description\" content=\"AmmaCars \u27a4 Pol\u00edtica de cookies \u2714\ufe0f Transport door-to-door \u2714\ufe0f Do\u015bwiadczenie i terminowo\u015b\u0107 \u2b50 Sprawd\u017a!\" \/>\n<meta name=\"robots\" content=\"index, follow, max-snippet:-1, max-image-preview:large, max-video-preview:-1\" \/>\n<link rel=\"canonical\" href=\"https:\/\/ammacars.pl\/es\/politica-de-cookies\/\" \/>\n<meta property=\"og:locale\" content=\"es_ES\" \/>\n<meta property=\"og:type\" content=\"article\" \/>\n<meta property=\"og:title\" content=\"Pol\u00edtica de cookies - AmmaCars\" \/>\n<meta property=\"og:description\" content=\"AmmaCars \u27a4 Pol\u00edtica de cookies \u2714\ufe0f Transport door-to-door \u2714\ufe0f Do\u015bwiadczenie i terminowo\u015b\u0107 \u2b50 Sprawd\u017a!\" \/>\n<meta property=\"og:url\" content=\"https:\/\/ammacars.pl\/es\/politica-de-cookies\/\" \/>\n<meta property=\"og:site_name\" content=\"AmmaCars\" \/>\n<meta property=\"article:modified_time\" content=\"2025-05-15T12:52:07+00:00\" \/>\n<meta name=\"twitter:card\" content=\"summary_large_image\" \/>\n<meta name=\"twitter:label1\" content=\"Tiempo de lectura\" \/>\n\t<meta name=\"twitter:data1\" content=\"1 minuto\" \/>\n<script type=\"application\/ld+json\" class=\"yoast-schema-graph\">{\"@context\":\"https:\/\/schema.org\",\"@graph\":[{\"@type\":\"WebPage\",\"@id\":\"https:\/\/ammacars.pl\/es\/politica-de-cookies\/\",\"url\":\"https:\/\/ammacars.pl\/es\/politica-de-cookies\/\",\"name\":\"Pol\u00edtica de cookies - AmmaCars\",\"isPartOf\":{\"@id\":\"https:\/\/ammacars.pl\/es\/#website\"},\"datePublished\":\"2025-05-14T11:33:15+00:00\",\"dateModified\":\"2025-05-15T12:52:07+00:00\",\"description\":\"AmmaCars \u27a4 Pol\u00edtica de cookies \u2714\ufe0f Transport door-to-door \u2714\ufe0f Do\u015bwiadczenie i terminowo\u015b\u0107 \u2b50 Sprawd\u017a!\",\"breadcrumb\":{\"@id\":\"https:\/\/ammacars.pl\/es\/politica-de-cookies\/#breadcrumb\"},\"inLanguage\":\"es\",\"potentialAction\":[{\"@type\":\"ReadAction\",\"target\":[\"https:\/\/ammacars.pl\/es\/politica-de-cookies\/\"]}]},{\"@type\":\"BreadcrumbList\",\"@id\":\"https:\/\/ammacars.pl\/es\/politica-de-cookies\/#breadcrumb\",\"itemListElement\":[{\"@type\":\"ListItem\",\"position\":1,\"name\":\"Strona g\u0142\u00f3wna\",\"item\":\"https:\/\/ammacars.pl\/es\/inicio\/\"},{\"@type\":\"ListItem\",\"position\":2,\"name\":\"Pol\u00edtica de cookies\"}]},{\"@type\":\"WebSite\",\"@id\":\"https:\/\/ammacars.pl\/es\/#website\",\"url\":\"https:\/\/ammacars.pl\/es\/\",\"name\":\"Transport samochod\u00f3w Hiszpania\u00a0Portugalia\",\"description\":\"\",\"publisher\":{\"@id\":\"https:\/\/ammacars.pl\/es\/#organization\"},\"potentialAction\":[{\"@type\":\"SearchAction\",\"target\":{\"@type\":\"EntryPoint\",\"urlTemplate\":\"https:\/\/ammacars.pl\/es\/?s={search_term_string}\"},\"query-input\":{\"@type\":\"PropertyValueSpecification\",\"valueRequired\":true,\"valueName\":\"search_term_string\"}}],\"inLanguage\":\"es\"},{\"@type\":\"Organization\",\"@id\":\"https:\/\/ammacars.pl\/es\/#organization\",\"name\":\"Transport samochod\u00f3w Hiszpania\u00a0Portugalia\",\"url\":\"https:\/\/ammacars.pl\/es\/\",\"logo\":{\"@type\":\"ImageObject\",\"inLanguage\":\"es\",\"@id\":\"https:\/\/ammacars.pl\/es\/#\/schema\/logo\/image\/\",\"url\":\"https:\/\/ammacars.pl\/wp-content\/uploads\/2025\/04\/Logo-biale.png\",\"contentUrl\":\"https:\/\/ammacars.pl\/wp-content\/uploads\/2025\/04\/Logo-biale.png\",\"width\":1472,\"height\":592,\"caption\":\"Transport samochod\u00f3w Hiszpania\u00a0Portugalia\"},\"image\":{\"@id\":\"https:\/\/ammacars.pl\/es\/#\/schema\/logo\/image\/\"}}]}<\/script>\n<!-- \/ Yoast SEO plugin. -->","yoast_head_json":{"title":"Pol\u00edtica de cookies - AmmaCars","description":"AmmaCars \u27a4 Pol\u00edtica de cookies \u2714\ufe0f Transport door-to-door \u2714\ufe0f Do\u015bwiadczenie i terminowo\u015b\u0107 \u2b50 Sprawd\u017a!","robots":{"index":"index","follow":"follow","max-snippet":"max-snippet:-1","max-image-preview":"max-image-preview:large","max-video-preview":"max-video-preview:-1"},"canonical":"https:\/\/ammacars.pl\/es\/politica-de-cookies\/","og_locale":"es_ES","og_type":"article","og_title":"Pol\u00edtica de cookies - AmmaCars","og_description":"AmmaCars \u27a4 Pol\u00edtica de cookies \u2714\ufe0f Transport door-to-door \u2714\ufe0f Do\u015bwiadczenie i terminowo\u015b\u0107 \u2b50 Sprawd\u017a!","og_url":"https:\/\/ammacars.pl\/es\/politica-de-cookies\/","og_site_name":"AmmaCars","article_modified_time":"2025-05-15T12:52:07+00:00","twitter_card":"summary_large_image","twitter_misc":{"Tiempo de lectura":"1 minuto"},"schema":{"@context":"https:\/\/schema.org","@graph":[{"@type":"WebPage","@id":"https:\/\/ammacars.pl\/es\/politica-de-cookies\/","url":"https:\/\/ammacars.pl\/es\/politica-de-cookies\/","name":"Pol\u00edtica de cookies - AmmaCars","isPartOf":{"@id":"https:\/\/ammacars.pl\/es\/#website"},"datePublished":"2025-05-14T11:33:15+00:00","dateModified":"2025-05-15T12:52:07+00:00","description":"AmmaCars \u27a4 Pol\u00edtica de cookies \u2714\ufe0f Transport door-to-door \u2714\ufe0f Do\u015bwiadczenie i terminowo\u015b\u0107 \u2b50 Sprawd\u017a!","breadcrumb":{"@id":"https:\/\/ammacars.pl\/es\/politica-de-cookies\/#breadcrumb"},"inLanguage":"es","potentialAction":[{"@type":"ReadAction","target":["https:\/\/ammacars.pl\/es\/politica-de-cookies\/"]}]},{"@type":"BreadcrumbList","@id":"https:\/\/ammacars.pl\/es\/politica-de-cookies\/#breadcrumb","itemListElement":[{"@type":"ListItem","position":1,"name":"Strona g\u0142\u00f3wna","item":"https:\/\/ammacars.pl\/es\/inicio\/"},{"@type":"ListItem","position":2,"name":"Pol\u00edtica de cookies"}]},{"@type":"WebSite","@id":"https:\/\/ammacars.pl\/es\/#website","url":"https:\/\/ammacars.pl\/es\/","name":"Transport samochod\u00f3w Hiszpania\u00a0Portugalia","description":"","publisher":{"@id":"https:\/\/ammacars.pl\/es\/#organization"},"potentialAction":[{"@type":"SearchAction","target":{"@type":"EntryPoint","urlTemplate":"https:\/\/ammacars.pl\/es\/?s={search_term_string}"},"query-input":{"@type":"PropertyValueSpecification","valueRequired":true,"valueName":"search_term_string"}}],"inLanguage":"es"},{"@type":"Organization","@id":"https:\/\/ammacars.pl\/es\/#organization","name":"Transport samochod\u00f3w Hiszpania\u00a0Portugalia","url":"https:\/\/ammacars.pl\/es\/","logo":{"@type":"ImageObject","inLanguage":"es","@id":"https:\/\/ammacars.pl\/es\/#\/schema\/logo\/image\/","url":"https:\/\/ammacars.pl\/wp-content\/uploads\/2025\/04\/Logo-biale.png","contentUrl":"https:\/\/ammacars.pl\/wp-content\/uploads\/2025\/04\/Logo-biale.png","width":1472,"height":592,"caption":"Transport samochod\u00f3w Hiszpania\u00a0Portugalia"},"image":{"@id":"https:\/\/ammacars.pl\/es\/#\/schema\/logo\/image\/"}}]}},"_links":{"self":[{"href":"https:\/\/ammacars.pl\/es\/wp-json\/wp\/v2\/pages\/1427","targetHints":{"allow":["GET"]}}],"collection":[{"href":"https:\/\/ammacars.pl\/es\/wp-json\/wp\/v2\/pages"}],"about":[{"href":"https:\/\/ammacars.pl\/es\/wp-json\/wp\/v2\/types\/page"}],"author":[{"embeddable":true,"href":"https:\/\/ammacars.pl\/es\/wp-json\/wp\/v2\/users\/1"}],"replies":[{"embeddable":true,"href":"https:\/\/ammacars.pl\/es\/wp-json\/wp\/v2\/comments?post=1427"}],"version-history":[{"count":1,"href":"https:\/\/ammacars.pl\/es\/wp-json\/wp\/v2\/pages\/1427\/revisions"}],"predecessor-version":[{"id":1428,"href":"https:\/\/ammacars.pl\/es\/wp-json\/wp\/v2\/pages\/1427\/revisions\/1428"}],"wp:attachment":[{"href":"https:\/\/ammacars.pl\/es\/wp-json\/wp\/v2\/media?parent=1427"}],"curies":[{"name":"wp","href":"https:\/\/api.w.org\/{rel}","templated":true}]}}