{"id":1433,"date":"2025-04-06T10:04:10","date_gmt":"2025-04-06T10:04:10","guid":{"rendered":"https:\/\/ammacars.pl\/ponte-en-contacto-con\/"},"modified":"2025-12-07T12:58:12","modified_gmt":"2025-12-07T12:58:12","slug":"contacto","status":"publish","type":"page","link":"https:\/\/ammacars.pl\/es\/contacto\/","title":{"rendered":"Contacto"},"content":{"rendered":"\t\t<div data-elementor-type=\"wp-page\" data-elementor-id=\"1433\" class=\"elementor elementor-1433 elementor-15\">\n\t\t\t\t<div class=\"elementor-element elementor-element-4dc5f1f e-flex e-con-boxed e-con e-parent\" data-id=\"4dc5f1f\" data-element_type=\"container\" data-settings=\"{&quot;background_background&quot;:&quot;classic&quot;}\">\n\t\t\t\t\t<div class=\"e-con-inner\">\n\t\t<div class=\"elementor-element elementor-element-351dc25 e-con-full e-flex e-con e-child\" data-id=\"351dc25\" data-element_type=\"container\">\n\t\t<div class=\"elementor-element elementor-element-d55b735 e-con-full e-flex e-con e-child\" data-id=\"d55b735\" data-element_type=\"container\">\n\t\t<div class=\"elementor-element elementor-element-043f15c e-con-full e-flex e-con e-child\" data-id=\"043f15c\" data-element_type=\"container\">\n\t\t\t\t<div class=\"elementor-element elementor-element-a043cce elementor-widget elementor-widget-heading\" data-id=\"a043cce\" data-element_type=\"widget\" data-widget_type=\"heading.default\">\n\t\t\t\t<div class=\"elementor-widget-container\">\n\t\t\t\t\t<h1 class=\"elementor-heading-title elementor-size-default\">Precios del transporte<\/h1>\t\t\t\t<\/div>\n\t\t\t\t<\/div>\n\t\t\t\t<div class=\"elementor-element elementor-element-8f1de75 elementor-widget elementor-widget-text-editor\" data-id=\"8f1de75\" data-element_type=\"widget\" data-widget_type=\"text-editor.default\">\n\t\t\t\t<div class=\"elementor-widget-container\">\n\t\t\t\t\t\t\t\t\t<p>\u00bfQuieres saber el coste de transportar tu coche a\/desde <strong>ESPA\u00d1A<\/strong> o <strong>PORTUGAL<\/strong> de forma r\u00e1pida y c\u00f3moda <strong>?<\/strong> Hemos creado un sistema de presupuesto sencillo y directo que te dar\u00e1 un presupuesto individual adaptado a tus necesidades en cuesti\u00f3n de instantes.<\/p><p> <\/p><p>Tratamos cada pedido de forma individual y, por tanto, tenemos en cuenta la informaci\u00f3n m\u00e1s importante, como el lugar de recogida y entrega, el tipo de veh\u00edculo, los plazos y los requisitos adicionales. Sobre esta base, creamos una oferta fiable y competitiva, sin costes ocultos ni recargos poco claros. <\/p><p> <\/p><p>Rellena el breve formulario de presupuesto o ponte en contacto con nosotros directamente: prepararemos un c\u00e1lculo preciso y te facilitaremos las fechas de finalizaci\u00f3n disponibles. Garantizamos un enfoque honesto, una respuesta r\u00e1pida y pleno apoyo en cada fase de la cooperaci\u00f3n. <\/p>\t\t\t\t\t\t\t\t<\/div>\n\t\t\t\t<\/div>\n\t\t\t\t<\/div>\n\t\t\t\t<\/div>\n\t\t\t\t<\/div>\n\t\t\t\t\t<\/div>\n\t\t\t\t<\/div>\n\t\t<div class=\"elementor-element elementor-element-85093d8 e-flex e-con-boxed e-con e-parent\" data-id=\"85093d8\" data-element_type=\"container\" data-settings=\"{&quot;background_background&quot;:&quot;classic&quot;}\">\n\t\t\t\t\t<div class=\"e-con-inner\">\n\t\t<div class=\"elementor-element elementor-element-64ebdd5 e-con-full e-flex e-con e-child\" data-id=\"64ebdd5\" data-element_type=\"container\">\n\t\t<div class=\"elementor-element elementor-element-4826ec9 e-con-full e-flex e-con e-child\" data-id=\"4826ec9\" data-element_type=\"container\">\n\t\t\t\t<div class=\"elementor-element elementor-element-7d36446 elementor-widget elementor-widget-heading\" data-id=\"7d36446\" data-element_type=\"widget\" data-widget_type=\"heading.default\">\n\t\t\t\t<div class=\"elementor-widget-container\">\n\t\t\t\t\t<h6 class=\"elementor-heading-title elementor-size-default\">Contacta con nosotros<\/h6>\t\t\t\t<\/div>\n\t\t\t\t<\/div>\n\t\t\t\t<div class=\"elementor-element elementor-element-eec43d2 elementor-widget elementor-widget-heading\" data-id=\"eec43d2\" data-element_type=\"widget\" data-widget_type=\"heading.default\">\n\t\t\t\t<div class=\"elementor-widget-container\">\n\t\t\t\t\t<h3 class=\"elementor-heading-title elementor-size-default\"><a href=\"tel:48789234410\">+48 789 234 410<\/a><\/h3>\t\t\t\t<\/div>\n\t\t\t\t<\/div>\n\t\t\t\t<div class=\"elementor-element elementor-element-3d87215 elementor-widget elementor-widget-heading\" data-id=\"3d87215\" data-element_type=\"widget\" data-widget_type=\"heading.default\">\n\t\t\t\t<div class=\"elementor-widget-container\">\n\t\t\t\t\t<h3 class=\"elementor-heading-title elementor-size-default\"><a href=\"mailto:biuro.ammacars@wp.pl\">biuro.ammacars@wp.pl<\/a><\/h3>\t\t\t\t<\/div>\n\t\t\t\t<\/div>\n\t\t\t\t<div class=\"elementor-element elementor-element-1db3293 elementor-widget elementor-widget-shortcode\" data-id=\"1db3293\" data-element_type=\"widget\" data-widget_type=\"shortcode.default\">\n\t\t\t\t<div class=\"elementor-widget-container\">\n\t\t\t\t\t\t\t<div class=\"elementor-shortcode\"><div class=\"wpforms-container \" id=\"wpforms-1109\"><form id=\"wpforms-form-1109\" class=\"wpforms-validate wpforms-form wpforms-ajax-form\" data-formid=\"1109\" method=\"post\" enctype=\"multipart\/form-data\" action=\"\/es\/wp-json\/wp\/v2\/pages\/1433\" data-token=\"161f6238684f3c5db78556ac20493087\" data-token-time=\"1776408995\"><noscript class=\"wpforms-error-noscript\">Por favor, activa JavaScript en tu navegador para completar este formulario.<\/noscript><div class=\"wpforms-field-container\"><div id=\"wpforms-1109-field_1-container\" class=\"wpforms-field wpforms-field-name\" data-field-id=\"1\"><label class=\"wpforms-field-label\" for=\"wpforms-1109-field_1\">Nombre <span class=\"wpforms-required-label\">*<\/span><\/label><div class=\"wpforms-field-row wpforms-field-large\"><div class=\"wpforms-field-row-block wpforms-first wpforms-one-half\"><input type=\"text\" id=\"wpforms-1109-field_1\" class=\"wpforms-field-name-first wpforms-field-required\" name=\"wpforms[fields][1][first]\" required><label for=\"wpforms-1109-field_1\" class=\"wpforms-field-sublabel after wpforms-sublabel-hide\">Nombre<\/label><\/div><div class=\"wpforms-field-row-block wpforms-one-half\"><input type=\"text\" id=\"wpforms-1109-field_1-last\" class=\"wpforms-field-name-last wpforms-field-required\" name=\"wpforms[fields][1][last]\" required><label for=\"wpforms-1109-field_1-last\" class=\"wpforms-field-sublabel after wpforms-sublabel-hide\">Apellidos<\/label><\/div><\/div><\/div><div id=\"wpforms-1109-field_2-container\" class=\"wpforms-field wpforms-field-email\" data-field-id=\"2\"><label class=\"wpforms-field-label\" for=\"wpforms-1109-field_2\">Direcci\u00f3n de correo electr\u00f3nico <span class=\"wpforms-required-label\">*<\/span><\/label><input type=\"email\" id=\"wpforms-1109-field_2\" class=\"wpforms-field-large wpforms-field-required\" name=\"wpforms[fields][2]\" spellcheck=\"false\" required><\/div><div id=\"wpforms-1109-field_3-container\" class=\"wpforms-field wpforms-field-textarea\" data-field-id=\"3\"><label class=\"wpforms-field-label\" for=\"wpforms-1109-field_3\">Mensaje<\/label><textarea id=\"wpforms-1109-field_3\" class=\"wpforms-field-medium\" name=\"wpforms[fields][3]\" ><\/textarea><\/div><\/div><!-- .wpforms-field-container --><div class=\"wpforms-submit-container\" ><input type=\"hidden\" name=\"wpforms[id]\" value=\"1109\"><input type=\"hidden\" name=\"page_title\" value=\"\"><input type=\"hidden\" name=\"page_url\" value=\"https:\/\/ammacars.pl\/es\/wp-json\/wp\/v2\/pages\/1433\"><input type=\"hidden\" name=\"url_referer\" value=\"\"><button type=\"submit\" name=\"wpforms[submit]\" id=\"wpforms-submit-1109\" class=\"wpforms-submit\" data-alt-text=\"Enviando...\" data-submit-text=\"Env\u00eda\" aria-live=\"assertive\" value=\"wpforms-submit\">Env\u00eda<\/button><img decoding=\"async\" src=\"https:\/\/ammacars.pl\/wp-content\/plugins\/wpforms-lite\/assets\/images\/submit-spin.svg\" class=\"wpforms-submit-spinner\" style=\"display: none;\" width=\"26\" height=\"26\" alt=\"Cargando\"><\/div><\/form><\/div>  <!-- .wpforms-container --><\/div>\n\t\t\t\t\t\t<\/div>\n\t\t\t\t<\/div>\n\t\t\t\t<div class=\"elementor-element elementor-element-6c93187 elementor-widget elementor-widget-heading\" data-id=\"6c93187\" data-element_type=\"widget\" data-widget_type=\"heading.default\">\n\t\t\t\t<div class=\"elementor-widget-container\">\n\t\t\t\t\t<h6 class=\"elementor-heading-title elementor-size-default\">AMMA II Micha\u0142 Wojdyna<br>NIP: 1251314742<br>Direcci\u00f3n: Calle Guzowatka 54c, 05-252 D\u0105br\u00f3wka \n<\/h6>\t\t\t\t<\/div>\n\t\t\t\t<\/div>\n\t\t\t\t<div class=\"elementor-element elementor-element-c5e4a60 elementor-widget elementor-widget-text-editor\" data-id=\"c5e4a60\" data-element_type=\"widget\" data-widget_type=\"text-editor.default\">\n\t\t\t\t<div class=\"elementor-widget-container\">\n\t\t\t\t\t\t\t\t\t<p><span style=\"color: #ffffff;\">Al enviar un mensaje aceptas <span style=\"color: #ff0000;\"><a style=\"color: #ff0000;\" href=\"https:\/\/ammacars.pl\/es\/normativa\/\">los t\u00e9rminos y condiciones de<\/a><\/span> y <span style=\"color: #ff0000;\"><a style=\"color: #ff0000;\" href=\"https:\/\/ammacars.pl\/es\/politica-de-privacidad\/\">pol\u00edtica de privacidad.<\/a><\/span><\/span><\/p>\t\t\t\t\t\t\t\t<\/div>\n\t\t\t\t<\/div>\n\t\t\t\t<\/div>\n\t\t\t\t<\/div>\n\t\t\t\t\t<\/div>\n\t\t\t\t<\/div>\n\t\t\t\t<\/div>\n\t\t","protected":false},"excerpt":{"rendered":"<p>Precios del transporte \u00bfQuieres saber el coste de transportar tu coche a\/desde ESPA\u00d1A o PORTUGAL de forma r\u00e1pida y c\u00f3moda ? Hemos creado un sistema de presupuesto sencillo y directo que te dar\u00e1 un presupuesto individual adaptado a tus necesidades en cuesti\u00f3n de instantes. Tratamos cada pedido de forma individual y, por tanto, tenemos en [&hellip;]<\/p>\n","protected":false},"author":1,"featured_media":0,"parent":0,"menu_order":0,"comment_status":"closed","ping_status":"closed","template":"","meta":{"site-sidebar-layout":"no-sidebar","site-content-layout":"page-builder","ast-site-content-layout":"full-width-container","site-content-style":"unboxed","site-sidebar-style":"unboxed","ast-global-header-display":"","ast-banner-title-visibility":"","ast-main-header-display":"","ast-hfb-above-header-display":"","ast-hfb-below-header-display":"","ast-hfb-mobile-header-display":"","site-post-title":"disabled","ast-breadcrumbs-content":"disabled","ast-featured-img":"disabled","footer-sml-layout":"","theme-transparent-header-meta":"enabled","adv-header-id-meta":"","stick-header-meta":"","header-above-stick-meta":"","header-main-stick-meta":"","header-below-stick-meta":"","astra-migrate-meta-layouts":"set","ast-page-background-enabled":"default","ast-page-background-meta":{"desktop":{"background-color":"","background-image":"","background-repeat":"repeat","background-position":"center center","background-size":"auto","background-attachment":"scroll","background-type":"","background-media":"","overlay-type":"","overlay-color":"","overlay-opacity":"","overlay-gradient":""},"tablet":{"background-color":"","background-image":"","background-repeat":"repeat","background-position":"center center","background-size":"auto","background-attachment":"scroll","background-type":"","background-media":"","overlay-type":"","overlay-color":"","overlay-opacity":"","overlay-gradient":""},"mobile":{"background-color":"","background-image":"","background-repeat":"repeat","background-position":"center center","background-size":"auto","background-attachment":"scroll","background-type":"","background-media":"","overlay-type":"","overlay-color":"","overlay-opacity":"","overlay-gradient":""}},"ast-content-background-meta":{"desktop":{"background-color":"var(--ast-global-color-5)","background-image":"","background-repeat":"repeat","background-position":"center center","background-size":"auto","background-attachment":"scroll","background-type":"","background-media":"","overlay-type":"","overlay-color":"","overlay-opacity":"","overlay-gradient":""},"tablet":{"background-color":"var(--ast-global-color-5)","background-image":"","background-repeat":"repeat","background-position":"center center","background-size":"auto","background-attachment":"scroll","background-type":"","background-media":"","overlay-type":"","overlay-color":"","overlay-opacity":"","overlay-gradient":""},"mobile":{"background-color":"var(--ast-global-color-5)","background-image":"","background-repeat":"repeat","background-position":"center center","background-size":"auto","background-attachment":"scroll","background-type":"","background-media":"","overlay-type":"","overlay-color":"","overlay-opacity":"","overlay-gradient":""}},"_glsr_average":0,"_glsr_ranking":0,"_glsr_reviews":0,"footnotes":""},"class_list":["post-1433","page","type-page","status-publish","hentry"],"yoast_head":"<!-- This site is optimized with the Yoast SEO plugin v26.7 - https:\/\/yoast.com\/wordpress\/plugins\/seo\/ -->\n<title>Contacto - AmmaCars<\/title>\n<meta name=\"description\" content=\"AmmaCars \u27a4 Contacto \u2714\ufe0f Transport door-to-door \u2714\ufe0f Do\u015bwiadczenie i terminowo\u015b\u0107 \u2b50 Sprawd\u017a!\" \/>\n<meta name=\"robots\" content=\"index, follow, max-snippet:-1, max-image-preview:large, max-video-preview:-1\" \/>\n<link rel=\"canonical\" href=\"https:\/\/ammacars.pl\/es\/contacto\/\" \/>\n<meta property=\"og:locale\" content=\"es_ES\" \/>\n<meta property=\"og:type\" content=\"article\" \/>\n<meta property=\"og:title\" content=\"Contacto - AmmaCars\" \/>\n<meta property=\"og:description\" content=\"AmmaCars \u27a4 Contacto \u2714\ufe0f Transport door-to-door \u2714\ufe0f Do\u015bwiadczenie i terminowo\u015b\u0107 \u2b50 Sprawd\u017a!\" \/>\n<meta property=\"og:url\" content=\"https:\/\/ammacars.pl\/es\/contacto\/\" \/>\n<meta property=\"og:site_name\" content=\"AmmaCars\" \/>\n<meta property=\"article:modified_time\" content=\"2025-12-07T12:58:12+00:00\" \/>\n<meta name=\"twitter:card\" content=\"summary_large_image\" \/>\n<meta name=\"twitter:label1\" content=\"Tiempo de lectura\" \/>\n\t<meta name=\"twitter:data1\" content=\"1 minuto\" \/>\n<script type=\"application\/ld+json\" class=\"yoast-schema-graph\">{\"@context\":\"https:\/\/schema.org\",\"@graph\":[{\"@type\":\"WebPage\",\"@id\":\"https:\/\/ammacars.pl\/es\/contacto\/\",\"url\":\"https:\/\/ammacars.pl\/es\/contacto\/\",\"name\":\"Contacto - AmmaCars\",\"isPartOf\":{\"@id\":\"https:\/\/ammacars.pl\/es\/#website\"},\"datePublished\":\"2025-04-06T10:04:10+00:00\",\"dateModified\":\"2025-12-07T12:58:12+00:00\",\"description\":\"AmmaCars \u27a4 Contacto \u2714\ufe0f Transport door-to-door \u2714\ufe0f Do\u015bwiadczenie i terminowo\u015b\u0107 \u2b50 Sprawd\u017a!\",\"breadcrumb\":{\"@id\":\"https:\/\/ammacars.pl\/es\/contacto\/#breadcrumb\"},\"inLanguage\":\"es\",\"potentialAction\":[{\"@type\":\"ReadAction\",\"target\":[\"https:\/\/ammacars.pl\/es\/contacto\/\"]}]},{\"@type\":\"BreadcrumbList\",\"@id\":\"https:\/\/ammacars.pl\/es\/contacto\/#breadcrumb\",\"itemListElement\":[{\"@type\":\"ListItem\",\"position\":1,\"name\":\"Strona g\u0142\u00f3wna\",\"item\":\"https:\/\/ammacars.pl\/es\/inicio\/\"},{\"@type\":\"ListItem\",\"position\":2,\"name\":\"Contacto\"}]},{\"@type\":\"WebSite\",\"@id\":\"https:\/\/ammacars.pl\/es\/#website\",\"url\":\"https:\/\/ammacars.pl\/es\/\",\"name\":\"Transport samochod\u00f3w Hiszpania\u00a0Portugalia\",\"description\":\"\",\"publisher\":{\"@id\":\"https:\/\/ammacars.pl\/es\/#organization\"},\"potentialAction\":[{\"@type\":\"SearchAction\",\"target\":{\"@type\":\"EntryPoint\",\"urlTemplate\":\"https:\/\/ammacars.pl\/es\/?s={search_term_string}\"},\"query-input\":{\"@type\":\"PropertyValueSpecification\",\"valueRequired\":true,\"valueName\":\"search_term_string\"}}],\"inLanguage\":\"es\"},{\"@type\":\"Organization\",\"@id\":\"https:\/\/ammacars.pl\/es\/#organization\",\"name\":\"Transport samochod\u00f3w Hiszpania\u00a0Portugalia\",\"url\":\"https:\/\/ammacars.pl\/es\/\",\"logo\":{\"@type\":\"ImageObject\",\"inLanguage\":\"es\",\"@id\":\"https:\/\/ammacars.pl\/es\/#\/schema\/logo\/image\/\",\"url\":\"https:\/\/ammacars.pl\/wp-content\/uploads\/2025\/04\/Logo-biale.png\",\"contentUrl\":\"https:\/\/ammacars.pl\/wp-content\/uploads\/2025\/04\/Logo-biale.png\",\"width\":1472,\"height\":592,\"caption\":\"Transport samochod\u00f3w Hiszpania\u00a0Portugalia\"},\"image\":{\"@id\":\"https:\/\/ammacars.pl\/es\/#\/schema\/logo\/image\/\"}}]}<\/script>\n<!-- \/ Yoast SEO plugin. -->","yoast_head_json":{"title":"Contacto - AmmaCars","description":"AmmaCars \u27a4 Contacto \u2714\ufe0f Transport door-to-door \u2714\ufe0f Do\u015bwiadczenie i terminowo\u015b\u0107 \u2b50 Sprawd\u017a!","robots":{"index":"index","follow":"follow","max-snippet":"max-snippet:-1","max-image-preview":"max-image-preview:large","max-video-preview":"max-video-preview:-1"},"canonical":"https:\/\/ammacars.pl\/es\/contacto\/","og_locale":"es_ES","og_type":"article","og_title":"Contacto - AmmaCars","og_description":"AmmaCars \u27a4 Contacto \u2714\ufe0f Transport door-to-door \u2714\ufe0f Do\u015bwiadczenie i terminowo\u015b\u0107 \u2b50 Sprawd\u017a!","og_url":"https:\/\/ammacars.pl\/es\/contacto\/","og_site_name":"AmmaCars","article_modified_time":"2025-12-07T12:58:12+00:00","twitter_card":"summary_large_image","twitter_misc":{"Tiempo de lectura":"1 minuto"},"schema":{"@context":"https:\/\/schema.org","@graph":[{"@type":"WebPage","@id":"https:\/\/ammacars.pl\/es\/contacto\/","url":"https:\/\/ammacars.pl\/es\/contacto\/","name":"Contacto - AmmaCars","isPartOf":{"@id":"https:\/\/ammacars.pl\/es\/#website"},"datePublished":"2025-04-06T10:04:10+00:00","dateModified":"2025-12-07T12:58:12+00:00","description":"AmmaCars \u27a4 Contacto \u2714\ufe0f Transport door-to-door \u2714\ufe0f Do\u015bwiadczenie i terminowo\u015b\u0107 \u2b50 Sprawd\u017a!","breadcrumb":{"@id":"https:\/\/ammacars.pl\/es\/contacto\/#breadcrumb"},"inLanguage":"es","potentialAction":[{"@type":"ReadAction","target":["https:\/\/ammacars.pl\/es\/contacto\/"]}]},{"@type":"BreadcrumbList","@id":"https:\/\/ammacars.pl\/es\/contacto\/#breadcrumb","itemListElement":[{"@type":"ListItem","position":1,"name":"Strona g\u0142\u00f3wna","item":"https:\/\/ammacars.pl\/es\/inicio\/"},{"@type":"ListItem","position":2,"name":"Contacto"}]},{"@type":"WebSite","@id":"https:\/\/ammacars.pl\/es\/#website","url":"https:\/\/ammacars.pl\/es\/","name":"Transport samochod\u00f3w Hiszpania\u00a0Portugalia","description":"","publisher":{"@id":"https:\/\/ammacars.pl\/es\/#organization"},"potentialAction":[{"@type":"SearchAction","target":{"@type":"EntryPoint","urlTemplate":"https:\/\/ammacars.pl\/es\/?s={search_term_string}"},"query-input":{"@type":"PropertyValueSpecification","valueRequired":true,"valueName":"search_term_string"}}],"inLanguage":"es"},{"@type":"Organization","@id":"https:\/\/ammacars.pl\/es\/#organization","name":"Transport samochod\u00f3w Hiszpania\u00a0Portugalia","url":"https:\/\/ammacars.pl\/es\/","logo":{"@type":"ImageObject","inLanguage":"es","@id":"https:\/\/ammacars.pl\/es\/#\/schema\/logo\/image\/","url":"https:\/\/ammacars.pl\/wp-content\/uploads\/2025\/04\/Logo-biale.png","contentUrl":"https:\/\/ammacars.pl\/wp-content\/uploads\/2025\/04\/Logo-biale.png","width":1472,"height":592,"caption":"Transport samochod\u00f3w Hiszpania\u00a0Portugalia"},"image":{"@id":"https:\/\/ammacars.pl\/es\/#\/schema\/logo\/image\/"}}]}},"_links":{"self":[{"href":"https:\/\/ammacars.pl\/es\/wp-json\/wp\/v2\/pages\/1433","targetHints":{"allow":["GET"]}}],"collection":[{"href":"https:\/\/ammacars.pl\/es\/wp-json\/wp\/v2\/pages"}],"about":[{"href":"https:\/\/ammacars.pl\/es\/wp-json\/wp\/v2\/types\/page"}],"author":[{"embeddable":true,"href":"https:\/\/ammacars.pl\/es\/wp-json\/wp\/v2\/users\/1"}],"replies":[{"embeddable":true,"href":"https:\/\/ammacars.pl\/es\/wp-json\/wp\/v2\/comments?post=1433"}],"version-history":[{"count":11,"href":"https:\/\/ammacars.pl\/es\/wp-json\/wp\/v2\/pages\/1433\/revisions"}],"predecessor-version":[{"id":1785,"href":"https:\/\/ammacars.pl\/es\/wp-json\/wp\/v2\/pages\/1433\/revisions\/1785"}],"wp:attachment":[{"href":"https:\/\/ammacars.pl\/es\/wp-json\/wp\/v2\/media?parent=1433"}],"curies":[{"name":"wp","href":"https:\/\/api.w.org\/{rel}","templated":true}]}}